{"id":79381,"date":"2023-01-25T20:32:56","date_gmt":"2023-01-25T18:32:56","guid":{"rendered":"https:\/\/coconutkids.gr\/product\/boboli-%cf%80%ce%b1%ce%b9%ce%b4%ce%b9%ce%ba%ce%ae-%cf%80%ce%b1%ce%bd%cf%84%ce%b5%ce%bb%cf%8c%ce%bd%ce%b1-%ce%b3%ce%b9%ce%b1-%ce%ba%ce%bf%cf%81%ce%af%cf%84%cf%83%ce%b9-%cf%87%cf%81%cf%85%cf%83%ce%b1\/"},"modified":"2025-09-11T16:48:57","modified_gmt":"2025-09-11T13:48:57","slug":"boboli-%cf%80%ce%b1%ce%b9%ce%b4%ce%b9%ce%ba%ce%ae-%cf%80%ce%b1%ce%bd%cf%84%ce%b5%ce%bb%cf%8c%ce%bd%ce%b1-%ce%b3%ce%b9%ce%b1-%ce%ba%ce%bf%cf%81%ce%af%cf%84%cf%83%ce%b9-%cf%87%cf%81%cf%85%cf%83%ce%b1","status":"publish","type":"product","link":"https:\/\/coconutkids.gr\/de\/produkt\/boboli-%cf%80%ce%b1%ce%b9%ce%b4%ce%b9%ce%ba%ce%ae-%cf%80%ce%b1%ce%bd%cf%84%ce%b5%ce%bb%cf%8c%ce%bd%ce%b1-%ce%b3%ce%b9%ce%b1-%ce%ba%ce%bf%cf%81%ce%af%cf%84%cf%83%ce%b9-%cf%87%cf%81%cf%85%cf%83%ce%b1\/","title":{"rendered":"Boboli Kinderhosen f\u00fcr M\u00e4dchen Gold 726173-1111"},"content":{"rendered":"<p>Boboli Kinderhosen f\u00fcr M\u00e4dchen Gold 726173-1111<\/p>\n<p>\u03a3\u03cd\u03bd\u03b8\u03b5\u03c3\u03b7: 60%viscosa 35%\u03c0\u03bf\u03bb\u03c5\u03b5\u03c3\u03c4\u03ad\u03c1\u03b1\u03c2 5%\u03b5\u03bb\u03b1\u03c3\u03c4\u03ac\u03bd\u03b7<\/p>\n<p>Anweisungen: Maschinenwaschbar bis zu 30\u00bac. Nicht bleichen. Nicht im Trockner trocknen. Nicht trocken schleudern oder trocknen. Nicht im Trockner trocknen.<\/p>","protected":false},"excerpt":{"rendered":"<p>Boboli Kinderhosen f\u00fcr M\u00e4dchen Gold 726173-1111<\/p>","protected":false},"featured_media":78431,"comment_status":"closed","ping_status":"closed","template":"","meta":{"_seopress_robots_primary_cat":"none","_seopress_titles_title":"","_seopress_titles_desc":"","_seopress_robots_index":""},"product_brand":[],"product_cat":[316,53,55],"product_tag":[],"class_list":{"0":"post-79381","1":"product","2":"type-product","3":"status-publish","4":"has-post-thumbnail","6":"product_cat-girls","7":"product_cat-girl-2-8","8":"product_cat-girl-9-16","9":"pa_brand-boboli","10":"pa_category-filter-panteloni","11":"pa_color-filter-1052","12":"pa_gender-826","13":"pa_megethos-343","14":"pa_megethos-344","15":"pa_megethos-345","16":"pa_megethos-346","17":"pa_megethos-348","18":"pa_megethos-349","19":"pa_megethos-350","20":"pa_megethos-351","21":"pa_season-summer","23":"first","24":"instock","25":"sale","26":"purchasable","27":"product-type-variable"},"_links":{"self":[{"href":"https:\/\/coconutkids.gr\/de\/wp-json\/wp\/v2\/product\/79381","targetHints":{"allow":["GET"]}}],"collection":[{"href":"https:\/\/coconutkids.gr\/de\/wp-json\/wp\/v2\/product"}],"about":[{"href":"https:\/\/coconutkids.gr\/de\/wp-json\/wp\/v2\/types\/product"}],"replies":[{"embeddable":true,"href":"https:\/\/coconutkids.gr\/de\/wp-json\/wp\/v2\/comments?post=79381"}],"version-history":[{"count":0,"href":"https:\/\/coconutkids.gr\/de\/wp-json\/wp\/v2\/product\/79381\/revisions"}],"wp:featuredmedia":[{"embeddable":true,"href":"https:\/\/coconutkids.gr\/de\/wp-json\/wp\/v2\/media\/78431"}],"wp:attachment":[{"href":"https:\/\/coconutkids.gr\/de\/wp-json\/wp\/v2\/media?parent=79381"}],"wp:term":[{"taxonomy":"product_brand","embeddable":true,"href":"https:\/\/coconutkids.gr\/de\/wp-json\/wp\/v2\/product_brand?post=79381"},{"taxonomy":"product_cat","embeddable":true,"href":"https:\/\/coconutkids.gr\/de\/wp-json\/wp\/v2\/product_cat?post=79381"},{"taxonomy":"product_tag","embeddable":true,"href":"https:\/\/coconutkids.gr\/de\/wp-json\/wp\/v2\/product_tag?post=79381"}],"curies":[{"name":"wp","href":"https:\/\/api.w.org\/{rel}","templated":true}]}}