{"id":79421,"date":"2023-01-25T20:34:45","date_gmt":"2023-01-25T18:34:45","guid":{"rendered":"https:\/\/coconutkids.gr\/product\/boboli-%cf%80%ce%b1%ce%b9%ce%b4%ce%b9%ce%ba%cf%8c-%ce%bc%cf%80%ce%bb%ce%bf%cf%85%ce%b6%ce%ac%ce%ba%ce%b9-%ce%b3%ce%b9%ce%b1-%ce%ba%ce%bf%cf%81%ce%af%cf%84%cf%83%ce%b9-%ce%bb%ce%b5%cf%85%ce%ba%cf%8c-49\/"},"modified":"2025-07-13T02:41:23","modified_gmt":"2025-07-12T23:41:23","slug":"boboli-%cf%80%ce%b1%ce%b9%ce%b4%ce%b9%ce%ba%cf%8c-%ce%bc%cf%80%ce%bb%ce%bf%cf%85%ce%b6%ce%ac%ce%ba%ce%b9-%ce%b3%ce%b9%ce%b1-%ce%ba%ce%bf%cf%81%ce%af%cf%84%cf%83%ce%b9-%ce%bb%ce%b5%cf%85%ce%ba%cf%8c-49","status":"publish","type":"product","link":"https:\/\/coconutkids.gr\/de\/produkt\/boboli-%cf%80%ce%b1%ce%b9%ce%b4%ce%b9%ce%ba%cf%8c-%ce%bc%cf%80%ce%bb%ce%bf%cf%85%ce%b6%ce%ac%ce%ba%ce%b9-%ce%b3%ce%b9%ce%b1-%ce%ba%ce%bf%cf%81%ce%af%cf%84%cf%83%ce%b9-%ce%bb%ce%b5%cf%85%ce%ba%cf%8c-49\/","title":{"rendered":"Boboli Kinder-T-Shirt f\u00fcr M\u00e4dchen Wei\u00df 496010-1100"},"content":{"rendered":"<p>Boboli Kinder-T-Shirt f\u00fcr M\u00e4dchen Wei\u00df 496010-1100<\/p>\n<p>Zusammensetzung: 100% Baumwolle<\/p>\n<p>Anweisungen: Maschinenwaschbar bis zu 30\u00bac. Nicht bleichen.  Nicht im Trockner trocknen.  Nicht trocken schleudern oder trocknen. Nicht im Trockner trocknen.<\/p>","protected":false},"excerpt":{"rendered":"<p>Boboli Kinder-T-Shirt f\u00fcr M\u00e4dchen Wei\u00df 496010-1100<\/p>","protected":false},"featured_media":78292,"comment_status":"closed","ping_status":"closed","template":"","meta":{"_seopress_robots_primary_cat":"","_seopress_titles_title":"","_seopress_titles_desc":"","_seopress_robots_index":""},"product_brand":[],"product_cat":[316,53,55],"product_tag":[],"class_list":{"0":"post-79421","1":"product","2":"type-product","3":"status-publish","4":"has-post-thumbnail","6":"product_cat-girls","7":"product_cat-girl-2-8","8":"product_cat-girl-9-16","9":"pa_brand-boboli","10":"pa_category-filter-mplouza","11":"pa_color-filter-white","12":"pa_gender-826","13":"pa_megethos-346","14":"pa_megethos-348","15":"pa_megethos-349","16":"pa_megethos-350","17":"pa_megethos-351","18":"pa_season-summer","20":"first","21":"instock","22":"sale","23":"purchasable","24":"product-type-variable"},"_links":{"self":[{"href":"https:\/\/coconutkids.gr\/de\/wp-json\/wp\/v2\/product\/79421","targetHints":{"allow":["GET"]}}],"collection":[{"href":"https:\/\/coconutkids.gr\/de\/wp-json\/wp\/v2\/product"}],"about":[{"href":"https:\/\/coconutkids.gr\/de\/wp-json\/wp\/v2\/types\/product"}],"replies":[{"embeddable":true,"href":"https:\/\/coconutkids.gr\/de\/wp-json\/wp\/v2\/comments?post=79421"}],"version-history":[{"count":0,"href":"https:\/\/coconutkids.gr\/de\/wp-json\/wp\/v2\/product\/79421\/revisions"}],"wp:featuredmedia":[{"embeddable":true,"href":"https:\/\/coconutkids.gr\/de\/wp-json\/wp\/v2\/media\/78292"}],"wp:attachment":[{"href":"https:\/\/coconutkids.gr\/de\/wp-json\/wp\/v2\/media?parent=79421"}],"wp:term":[{"taxonomy":"product_brand","embeddable":true,"href":"https:\/\/coconutkids.gr\/de\/wp-json\/wp\/v2\/product_brand?post=79421"},{"taxonomy":"product_cat","embeddable":true,"href":"https:\/\/coconutkids.gr\/de\/wp-json\/wp\/v2\/product_cat?post=79421"},{"taxonomy":"product_tag","embeddable":true,"href":"https:\/\/coconutkids.gr\/de\/wp-json\/wp\/v2\/product_tag?post=79421"}],"curies":[{"name":"wp","href":"https:\/\/api.w.org\/{rel}","templated":true}]}}