{"id":80613,"date":"2023-01-26T18:40:41","date_gmt":"2023-01-26T16:40:41","guid":{"rendered":"https:\/\/coconutkids.gr\/?post_type=product&#038;p=80613"},"modified":"2026-02-19T19:46:58","modified_gmt":"2026-02-19T17:46:58","slug":"mayoral-%cf%80%ce%b1%ce%b9%ce%b4%ce%b9%ce%ba%cf%8c-%cf%83%ce%b5%cf%84-%ce%ba%ce%bf%ce%bb%ce%ac%ce%bd-%ce%b3%ce%b9%ce%b1-%ce%ba%ce%bf%cf%81%ce%af%cf%84%cf%83%ce%b9-%cf%80%cf%81%ce%ac%cf%83%ce%b9%ce%bd","status":"publish","type":"product","link":"https:\/\/coconutkids.gr\/de\/produkt\/mayoral-%cf%80%ce%b1%ce%b9%ce%b4%ce%b9%ce%ba%cf%8c-%cf%83%ce%b5%cf%84-%ce%ba%ce%bf%ce%bb%ce%ac%ce%bd-%ce%b3%ce%b9%ce%b1-%ce%ba%ce%bf%cf%81%ce%af%cf%84%cf%83%ce%b9-%cf%80%cf%81%ce%ac%cf%83%ce%b9%ce%bd\/","title":{"rendered":"Mayoral Kinder Leggings Set f\u00fcr M\u00e4dchen Gr\u00fcn 12-01798-082"},"content":{"rendered":"<p>\u03a3\u03b5\u03c4 \u03ba\u03bf\u03bb\u03b1\u03bd<\/p>","protected":false},"excerpt":{"rendered":"<p>\u03a3\u03b5\u03c4 \u03ba\u03bf\u03bb\u03b1\u03bd<\/p>","protected":false},"featured_media":4962,"comment_status":"closed","ping_status":"closed","template":"","meta":{"_seopress_robots_primary_cat":"none","_seopress_titles_title":"","_seopress_titles_desc":"","_seopress_robots_index":""},"product_brand":[],"product_cat":[1232,1412,316,592],"product_tag":[1343],"class_list":{"0":"post-80613","1":"product","2":"type-product","3":"status-publish","4":"has-post-thumbnail","6":"product_cat-summer","7":"product_cat-ss22","8":"product_cat-girls","9":"product_cat-girl-0-2","10":"product_tag-ss22","11":"pa_brand-mayoral","12":"pa_category-filter-1113","13":"pa_category-filter-1115","14":"pa_color-filter-908","15":"pa_gender-826","16":"pa_megethos-6m","17":"pa_megethos-9m","18":"pa_season-summer","20":"first","21":"instock","22":"sale","23":"purchasable","24":"product-type-variable"},"_links":{"self":[{"href":"https:\/\/coconutkids.gr\/de\/wp-json\/wp\/v2\/product\/80613","targetHints":{"allow":["GET"]}}],"collection":[{"href":"https:\/\/coconutkids.gr\/de\/wp-json\/wp\/v2\/product"}],"about":[{"href":"https:\/\/coconutkids.gr\/de\/wp-json\/wp\/v2\/types\/product"}],"replies":[{"embeddable":true,"href":"https:\/\/coconutkids.gr\/de\/wp-json\/wp\/v2\/comments?post=80613"}],"version-history":[{"count":0,"href":"https:\/\/coconutkids.gr\/de\/wp-json\/wp\/v2\/product\/80613\/revisions"}],"wp:featuredmedia":[{"embeddable":true,"href":"https:\/\/coconutkids.gr\/de\/wp-json\/wp\/v2\/media\/4962"}],"wp:attachment":[{"href":"https:\/\/coconutkids.gr\/de\/wp-json\/wp\/v2\/media?parent=80613"}],"wp:term":[{"taxonomy":"product_brand","embeddable":true,"href":"https:\/\/coconutkids.gr\/de\/wp-json\/wp\/v2\/product_brand?post=80613"},{"taxonomy":"product_cat","embeddable":true,"href":"https:\/\/coconutkids.gr\/de\/wp-json\/wp\/v2\/product_cat?post=80613"},{"taxonomy":"product_tag","embeddable":true,"href":"https:\/\/coconutkids.gr\/de\/wp-json\/wp\/v2\/product_tag?post=80613"}],"curies":[{"name":"wp","href":"https:\/\/api.w.org\/{rel}","templated":true}]}}