{"id":88224,"date":"2023-02-28T13:22:36","date_gmt":"2023-02-28T11:22:36","guid":{"rendered":"https:\/\/coconutkids.gr\/product\/abel-lula-%cf%80%ce%b1%ce%b9%ce%b4%ce%b9%ce%ba%ce%ad%cf%82-%cf%84%cf%83%ce%ac%ce%bd%cf%84%ce%b5%cf%82-%ce%b3%ce%b9%ce%b1-%ce%ba%ce%bf%cf%81%ce%af%cf%84%cf%83%ce%b9-%cf%84%ce%b9%cf%81%ce%ba%ce%bf\/"},"modified":"2026-02-19T19:43:17","modified_gmt":"2026-02-19T17:43:17","slug":"abel-lula-%cf%80%ce%b1%ce%b9%ce%b4%ce%b9%ce%ba%ce%ad%cf%82-%cf%84%cf%83%ce%ac%ce%bd%cf%84%ce%b5%cf%82-%ce%b3%ce%b9%ce%b1-%ce%ba%ce%bf%cf%81%ce%af%cf%84%cf%83%ce%b9-%cf%84%ce%b9%cf%81%ce%ba%ce%bf","status":"publish","type":"product","link":"https:\/\/coconutkids.gr\/de\/produkt\/abel-lula-%cf%80%ce%b1%ce%b9%ce%b4%ce%b9%ce%ba%ce%ad%cf%82-%cf%84%cf%83%ce%ac%ce%bd%cf%84%ce%b5%cf%82-%ce%b3%ce%b9%ce%b1-%ce%ba%ce%bf%cf%81%ce%af%cf%84%cf%83%ce%b9-%cf%84%ce%b9%cf%81%ce%ba%ce%bf\/","title":{"rendered":"Abel &amp; Lula Kindertaschen f\u00fcr M\u00e4dchen T\u00fcrkis 23-05451-028"},"content":{"rendered":"<p>Textur des Taschenlogos<\/p>","protected":false},"excerpt":{"rendered":"<p>Textur des Taschenlogos<\/p>","protected":false},"featured_media":87454,"comment_status":"closed","ping_status":"closed","template":"","meta":{"_seopress_robots_primary_cat":"","_seopress_titles_title":"","_seopress_titles_desc":"","_seopress_robots_index":""},"product_brand":[],"product_cat":[1232,1413,667,454],"product_tag":[1339],"class_list":{"0":"post-88224","1":"product","2":"type-product","3":"status-publish","4":"has-post-thumbnail","6":"product_cat-summer","7":"product_cat-ss23","8":"product_cat-girl-accessories","9":"product_cat-bags","10":"product_tag-ss23","11":"pa_brand-abel-lula","12":"pa_category-filter-1098","13":"pa_color-filter-908","14":"pa_gender-826","15":"pa_megethos-one-size","16":"pa_season-summer","18":"first","19":"instock","20":"sale","21":"purchasable","22":"product-type-variable"},"_links":{"self":[{"href":"https:\/\/coconutkids.gr\/de\/wp-json\/wp\/v2\/product\/88224","targetHints":{"allow":["GET"]}}],"collection":[{"href":"https:\/\/coconutkids.gr\/de\/wp-json\/wp\/v2\/product"}],"about":[{"href":"https:\/\/coconutkids.gr\/de\/wp-json\/wp\/v2\/types\/product"}],"replies":[{"embeddable":true,"href":"https:\/\/coconutkids.gr\/de\/wp-json\/wp\/v2\/comments?post=88224"}],"version-history":[{"count":0,"href":"https:\/\/coconutkids.gr\/de\/wp-json\/wp\/v2\/product\/88224\/revisions"}],"wp:featuredmedia":[{"embeddable":true,"href":"https:\/\/coconutkids.gr\/de\/wp-json\/wp\/v2\/media\/87454"}],"wp:attachment":[{"href":"https:\/\/coconutkids.gr\/de\/wp-json\/wp\/v2\/media?parent=88224"}],"wp:term":[{"taxonomy":"product_brand","embeddable":true,"href":"https:\/\/coconutkids.gr\/de\/wp-json\/wp\/v2\/product_brand?post=88224"},{"taxonomy":"product_cat","embeddable":true,"href":"https:\/\/coconutkids.gr\/de\/wp-json\/wp\/v2\/product_cat?post=88224"},{"taxonomy":"product_tag","embeddable":true,"href":"https:\/\/coconutkids.gr\/de\/wp-json\/wp\/v2\/product_tag?post=88224"}],"curies":[{"name":"wp","href":"https:\/\/api.w.org\/{rel}","templated":true}]}}