{"id":89489,"date":"2023-02-28T14:36:20","date_gmt":"2023-02-28T12:36:20","guid":{"rendered":"https:\/\/coconutkids.gr\/product\/mayoral-%cf%80%ce%b1%ce%b9%ce%b4%ce%b9%ce%ba%ce%ae-%ce%bc%cf%80%ce%b1%ce%bb%ce%b1%cf%81%ce%b9%ce%bd%ce%b1-%ce%b1%ce%bd%ce%bf%ce%b9%cf%87%cf%84%ce%b7-%ce%b3%ce%b9%ce%b1-%ce%ba%ce%bf%cf%81%ce%af%cf%84-3\/"},"modified":"2026-02-19T19:38:26","modified_gmt":"2026-02-19T17:38:26","slug":"mayoral-%cf%80%ce%b1%ce%b9%ce%b4%ce%b9%ce%ba%ce%ae-%ce%bc%cf%80%ce%b1%ce%bb%ce%b1%cf%81%ce%b9%ce%bd%ce%b1-%ce%b1%ce%bd%ce%bf%ce%b9%cf%87%cf%84%ce%b7-%ce%b3%ce%b9%ce%b1-%ce%ba%ce%bf%cf%81%ce%af%cf%84-3","status":"publish","type":"product","link":"https:\/\/coconutkids.gr\/de\/produkt\/mayoral-%cf%80%ce%b1%ce%b9%ce%b4%ce%b9%ce%ba%ce%ae-%ce%bc%cf%80%ce%b1%ce%bb%ce%b1%cf%81%ce%b9%ce%bd%ce%b1-%ce%b1%ce%bd%ce%bf%ce%b9%cf%87%cf%84%ce%b7-%ce%b3%ce%b9%ce%b1-%ce%ba%ce%bf%cf%81%ce%af%cf%84-3\/","title":{"rendered":"Mayoral Kinder Ballerina offen f\u00fcr M\u00e4dchen wei\u00df 23-43439-093"},"content":{"rendered":"<p>Ballerina offen<\/p>","protected":false},"excerpt":{"rendered":"<p>Ballerina offen<\/p>","protected":false},"featured_media":84624,"comment_status":"closed","ping_status":"closed","template":"","meta":{"_seopress_robots_primary_cat":"","_seopress_titles_title":"","_seopress_titles_desc":"","_seopress_robots_index":""},"product_brand":[],"product_cat":[1232,1413,316,514,277],"product_tag":[1339],"class_list":{"0":"post-89489","1":"product","2":"type-product","3":"status-publish","4":"has-post-thumbnail","6":"product_cat-summer","7":"product_cat-ss23","8":"product_cat-girls","9":"product_cat-shoes","10":"product_cat-girl-shoes-1-16","11":"product_tag-ss23","12":"pa_brand-mayoral","13":"pa_category-filter-shoes","14":"pa_color-filter-white","15":"pa_gender-826","16":"pa_megethos-26-shoes","17":"pa_megethos-27-shoes","18":"pa_megethos-28-shoes","19":"pa_megethos-29-shoes","20":"pa_megethos-30-shoes","21":"pa_season-summer","23":"first","24":"instock","25":"sale","26":"purchasable","27":"product-type-variable"},"_links":{"self":[{"href":"https:\/\/coconutkids.gr\/de\/wp-json\/wp\/v2\/product\/89489","targetHints":{"allow":["GET"]}}],"collection":[{"href":"https:\/\/coconutkids.gr\/de\/wp-json\/wp\/v2\/product"}],"about":[{"href":"https:\/\/coconutkids.gr\/de\/wp-json\/wp\/v2\/types\/product"}],"replies":[{"embeddable":true,"href":"https:\/\/coconutkids.gr\/de\/wp-json\/wp\/v2\/comments?post=89489"}],"version-history":[{"count":0,"href":"https:\/\/coconutkids.gr\/de\/wp-json\/wp\/v2\/product\/89489\/revisions"}],"wp:featuredmedia":[{"embeddable":true,"href":"https:\/\/coconutkids.gr\/de\/wp-json\/wp\/v2\/media\/84624"}],"wp:attachment":[{"href":"https:\/\/coconutkids.gr\/de\/wp-json\/wp\/v2\/media?parent=89489"}],"wp:term":[{"taxonomy":"product_brand","embeddable":true,"href":"https:\/\/coconutkids.gr\/de\/wp-json\/wp\/v2\/product_brand?post=89489"},{"taxonomy":"product_cat","embeddable":true,"href":"https:\/\/coconutkids.gr\/de\/wp-json\/wp\/v2\/product_cat?post=89489"},{"taxonomy":"product_tag","embeddable":true,"href":"https:\/\/coconutkids.gr\/de\/wp-json\/wp\/v2\/product_tag?post=89489"}],"curies":[{"name":"wp","href":"https:\/\/api.w.org\/{rel}","templated":true}]}}