{"id":89538,"date":"2023-02-28T14:38:58","date_gmt":"2023-02-28T12:38:58","guid":{"rendered":"https:\/\/coconutkids.gr\/product\/mayoral-%cf%80%ce%b1%ce%b9%ce%b4%ce%b9%ce%ba%cf%8c-%ce%bc%ce%bf%ce%ba%ce%b1%cf%83%ce%b9%ce%bd%ce%b9-%ce%b4%ce%b5%cf%81%ce%bc%ce%b1%cf%84%ce%b9%ce%bd%ce%bf-%ce%ba%ce%b1%cf%83%cf%84%ce%bf%cf%81%ce%b9-4\/"},"modified":"2026-02-19T19:38:24","modified_gmt":"2026-02-19T17:38:24","slug":"mayoral-%cf%80%ce%b1%ce%b9%ce%b4%ce%b9%ce%ba%cf%8c-%ce%bc%ce%bf%ce%ba%ce%b1%cf%83%ce%b9%ce%bd%ce%b9-%ce%b4%ce%b5%cf%81%ce%bc%ce%b1%cf%84%ce%b9%ce%bd%ce%bf-%ce%ba%ce%b1%cf%83%cf%84%ce%bf%cf%81%ce%b9-4","status":"publish","type":"product","link":"https:\/\/coconutkids.gr\/de\/produkt\/mayoral-%cf%80%ce%b1%ce%b9%ce%b4%ce%b9%ce%ba%cf%8c-%ce%bc%ce%bf%ce%ba%ce%b1%cf%83%ce%b9%ce%bd%ce%b9-%ce%b4%ce%b5%cf%81%ce%bc%ce%b1%cf%84%ce%b9%ce%bd%ce%bf-%ce%ba%ce%b1%cf%83%cf%84%ce%bf%cf%81%ce%b9-4\/","title":{"rendered":"Mayoral Kinder Mokassin Leder M\u00fctze f\u00fcr Jungen Beige Dunkel 23-43484-077"},"content":{"rendered":"<p>Mokassin-Lederm\u00fctze<\/p>","protected":false},"excerpt":{"rendered":"<p>Mokassin-Lederm\u00fctze<\/p>","protected":false},"featured_media":84663,"comment_status":"closed","ping_status":"closed","template":"","meta":{"_seopress_robots_primary_cat":"","_seopress_titles_title":"","_seopress_titles_desc":"","_seopress_robots_index":""},"product_brand":[],"product_cat":[1364,1232,315,514,329],"product_tag":[1339],"class_list":{"0":"post-89538","1":"product","2":"type-product","3":"status-publish","4":"has-post-thumbnail","6":"product_cat-boys-shoes","7":"product_cat-summer","8":"product_cat-boy","9":"product_cat-shoes","10":"product_cat-boy-shoes-1-16","11":"product_tag-ss23","12":"pa_brand-mayoral","13":"pa_category-filter-shoes","14":"pa_color-filter-907","15":"pa_gender-818","16":"pa_megethos-26-shoes","17":"pa_megethos-27-shoes","18":"pa_megethos-28-shoes","19":"pa_megethos-29-shoes","20":"pa_megethos-30-shoes","21":"pa_season-summer","23":"first","24":"instock","25":"sale","26":"purchasable","27":"product-type-variable"},"_links":{"self":[{"href":"https:\/\/coconutkids.gr\/de\/wp-json\/wp\/v2\/product\/89538","targetHints":{"allow":["GET"]}}],"collection":[{"href":"https:\/\/coconutkids.gr\/de\/wp-json\/wp\/v2\/product"}],"about":[{"href":"https:\/\/coconutkids.gr\/de\/wp-json\/wp\/v2\/types\/product"}],"replies":[{"embeddable":true,"href":"https:\/\/coconutkids.gr\/de\/wp-json\/wp\/v2\/comments?post=89538"}],"version-history":[{"count":0,"href":"https:\/\/coconutkids.gr\/de\/wp-json\/wp\/v2\/product\/89538\/revisions"}],"wp:featuredmedia":[{"embeddable":true,"href":"https:\/\/coconutkids.gr\/de\/wp-json\/wp\/v2\/media\/84663"}],"wp:attachment":[{"href":"https:\/\/coconutkids.gr\/de\/wp-json\/wp\/v2\/media?parent=89538"}],"wp:term":[{"taxonomy":"product_brand","embeddable":true,"href":"https:\/\/coconutkids.gr\/de\/wp-json\/wp\/v2\/product_brand?post=89538"},{"taxonomy":"product_cat","embeddable":true,"href":"https:\/\/coconutkids.gr\/de\/wp-json\/wp\/v2\/product_cat?post=89538"},{"taxonomy":"product_tag","embeddable":true,"href":"https:\/\/coconutkids.gr\/de\/wp-json\/wp\/v2\/product_tag?post=89538"}],"curies":[{"name":"wp","href":"https:\/\/api.w.org\/{rel}","templated":true}]}}