{"id":92328,"date":"2023-03-02T17:44:59","date_gmt":"2023-03-02T15:44:59","guid":{"rendered":"https:\/\/coconutkids.gr\/product\/calvin-klein-%cf%80%ce%b1%ce%b9%ce%b4%ce%b9%ce%ba%ce%ae-%cf%80%ce%b1%ce%bd%cf%84%cf%8c%cf%86%ce%bb%ce%b1-%ce%b3%ce%b9%ce%b1-%ce%b1%ce%b3%cf%8c%cf%81%ce%b9-%ce%bc%ce%b1%cf%8d%cf%81%ce%bf-%ce%ac%cf%83\/"},"modified":"2026-02-19T19:33:29","modified_gmt":"2026-02-19T17:33:29","slug":"calvin-klein-%cf%80%ce%b1%ce%b9%ce%b4%ce%b9%ce%ba%ce%ae-%cf%80%ce%b1%ce%bd%cf%84%cf%8c%cf%86%ce%bb%ce%b1-%ce%b3%ce%b9%ce%b1-%ce%b1%ce%b3%cf%8c%cf%81%ce%b9-%ce%bc%ce%b1%cf%8d%cf%81%ce%bf-%ce%ac%cf%83","status":"publish","type":"product","link":"https:\/\/coconutkids.gr\/de\/produkt\/calvin-klein-%cf%80%ce%b1%ce%b9%ce%b4%ce%b9%ce%ba%ce%ae-%cf%80%ce%b1%ce%bd%cf%84%cf%8c%cf%86%ce%bb%ce%b1-%ce%b3%ce%b9%ce%b1-%ce%b1%ce%b3%cf%8c%cf%81%ce%b9-%ce%bc%ce%b1%cf%8d%cf%81%ce%bf-%ce%ac%cf%83\/","title":{"rendered":"Calvin Klein Kids Slipper f\u00fcr Jungen Schwarz-Wei\u00df V3B0-80630-1172-X001"},"content":{"rendered":"<p>Calvin Klein Kids Slipper f\u00fcr Jungen Schwarz-Wei\u00df V3B0-80630-1172-X001<\/p>\n<p>LOGO POOL SLIDE<\/p>","protected":false},"excerpt":{"rendered":"<p>Calvin Klein Kids Slipper f\u00fcr Jungen Schwarz-Wei\u00df V3B0-80630-1172-X001<\/p>","protected":false},"featured_media":92935,"comment_status":"closed","ping_status":"closed","template":"","meta":{"_seopress_robots_primary_cat":"","_seopress_titles_title":"","_seopress_titles_desc":"","_seopress_robots_index":""},"product_brand":[],"product_cat":[1364,1232,514,329],"product_tag":[1339],"class_list":{"0":"post-92328","1":"product","2":"type-product","3":"status-publish","4":"has-post-thumbnail","6":"product_cat-boys-shoes","7":"product_cat-summer","8":"product_cat-shoes","9":"product_cat-boy-shoes-1-16","10":"product_tag-ss23","11":"pa_brand-calvin-klein","12":"pa_category-filter-shoes","13":"pa_color-filter-white","14":"pa_gender-818","15":"pa_megethos-28-shoes","16":"pa_megethos-29-shoes","17":"pa_megethos-30-shoes","18":"pa_megethos-31-shoes","19":"pa_megethos-32-shoes","20":"pa_megethos-33-shoes","21":"pa_megethos-34-shoes","22":"pa_megethos-35-shoes","23":"pa_megethos-36-shoes","24":"pa_megethos-37-shoes","25":"pa_megethos-38-shoes","26":"pa_season-summer","28":"first","29":"instock","30":"sale","31":"purchasable","32":"product-type-variable"},"_links":{"self":[{"href":"https:\/\/coconutkids.gr\/de\/wp-json\/wp\/v2\/product\/92328","targetHints":{"allow":["GET"]}}],"collection":[{"href":"https:\/\/coconutkids.gr\/de\/wp-json\/wp\/v2\/product"}],"about":[{"href":"https:\/\/coconutkids.gr\/de\/wp-json\/wp\/v2\/types\/product"}],"replies":[{"embeddable":true,"href":"https:\/\/coconutkids.gr\/de\/wp-json\/wp\/v2\/comments?post=92328"}],"version-history":[{"count":0,"href":"https:\/\/coconutkids.gr\/de\/wp-json\/wp\/v2\/product\/92328\/revisions"}],"wp:featuredmedia":[{"embeddable":true,"href":"https:\/\/coconutkids.gr\/de\/wp-json\/wp\/v2\/media\/92935"}],"wp:attachment":[{"href":"https:\/\/coconutkids.gr\/de\/wp-json\/wp\/v2\/media?parent=92328"}],"wp:term":[{"taxonomy":"product_brand","embeddable":true,"href":"https:\/\/coconutkids.gr\/de\/wp-json\/wp\/v2\/product_brand?post=92328"},{"taxonomy":"product_cat","embeddable":true,"href":"https:\/\/coconutkids.gr\/de\/wp-json\/wp\/v2\/product_cat?post=92328"},{"taxonomy":"product_tag","embeddable":true,"href":"https:\/\/coconutkids.gr\/de\/wp-json\/wp\/v2\/product_tag?post=92328"}],"curies":[{"name":"wp","href":"https:\/\/api.w.org\/{rel}","templated":true}]}}