{"id":92550,"date":"2023-03-02T17:49:45","date_gmt":"2023-03-02T15:49:45","guid":{"rendered":"https:\/\/coconutkids.gr\/product\/calvin-klein-%cf%80%ce%b1%ce%b9%ce%b4%ce%b9%ce%ba%ce%ae-%ce%bc%cf%80%ce%bb%ce%bf%cf%8d%ce%b6%ce%b1-%ce%b3%ce%b9%ce%b1-%ce%ba%ce%bf%cf%81%ce%af%cf%84%cf%83%ce%b9-%cf%81%ce%bf%ce%b6-ig0ig01470-xi1\/"},"modified":"2026-04-30T20:14:05","modified_gmt":"2026-04-30T17:14:05","slug":"calvin-klein-%cf%80%ce%b1%ce%b9%ce%b4%ce%b9%ce%ba%ce%ae-%ce%bc%cf%80%ce%bb%ce%bf%cf%8d%ce%b6%ce%b1-%ce%b3%ce%b9%ce%b1-%ce%ba%ce%bf%cf%81%ce%af%cf%84%cf%83%ce%b9-%cf%81%ce%bf%ce%b6-ig0ig01470-xi1","status":"publish","type":"product","link":"https:\/\/coconutkids.gr\/de\/produkt\/calvin-klein-%cf%80%ce%b1%ce%b9%ce%b4%ce%b9%ce%ba%ce%ae-%ce%bc%cf%80%ce%bb%ce%bf%cf%8d%ce%b6%ce%b1-%ce%b3%ce%b9%ce%b1-%ce%ba%ce%bf%cf%81%ce%af%cf%84%cf%83%ce%b9-%cf%81%ce%bf%ce%b6-ig0ig01470-xi1\/","title":{"rendered":"Calvin Klein Kinderbluse f\u00fcr M\u00e4dchen Rosa IG0IG01470-XI1"},"content":{"rendered":"<p>Calvin Klein Kinderbluse f\u00fcr M\u00e4dchen Rosa IG0IG01470-XI1<\/p>\n<p>MICRO MONOGRAM TOP<\/p>\n<p>\u00dcBERGANGSBAUMWOLLE \/ UMSTELLUNG (51%), BAUMWOLLE (49%)<\/p>","protected":false},"excerpt":{"rendered":"<p>Calvin Klein Kinderbluse f\u00fcr M\u00e4dchen Rosa IG0IG01470-XI1<\/p>","protected":false},"featured_media":97210,"comment_status":"closed","ping_status":"closed","template":"","meta":{"_seopress_robots_primary_cat":"","_seopress_titles_title":"","_seopress_titles_desc":"","_seopress_robots_index":""},"product_brand":[],"product_cat":[1232,1413,316,293,53,55],"product_tag":[1339],"class_list":{"0":"post-92550","1":"product","2":"type-product","3":"status-publish","4":"has-post-thumbnail","6":"product_cat-summer","7":"product_cat-ss23","8":"product_cat-girls","9":"product_cat-girl-premium","10":"product_cat-girl-2-8","11":"product_cat-girl-9-16","12":"product_tag-ss23","13":"pa_brand-calvin-klein","14":"pa_category-filter-mplouza","15":"pa_color-filter-pink","16":"pa_gender-826","17":"pa_megethos-342","18":"pa_megethos-344","19":"pa_megethos-346","20":"pa_megethos-348","21":"pa_megethos-349","22":"pa_megethos-350","23":"pa_megethos-351","24":"pa_season-summer","26":"first","27":"instock","28":"sale","29":"purchasable","30":"product-type-variable"},"_links":{"self":[{"href":"https:\/\/coconutkids.gr\/de\/wp-json\/wp\/v2\/product\/92550","targetHints":{"allow":["GET"]}}],"collection":[{"href":"https:\/\/coconutkids.gr\/de\/wp-json\/wp\/v2\/product"}],"about":[{"href":"https:\/\/coconutkids.gr\/de\/wp-json\/wp\/v2\/types\/product"}],"replies":[{"embeddable":true,"href":"https:\/\/coconutkids.gr\/de\/wp-json\/wp\/v2\/comments?post=92550"}],"version-history":[{"count":0,"href":"https:\/\/coconutkids.gr\/de\/wp-json\/wp\/v2\/product\/92550\/revisions"}],"wp:featuredmedia":[{"embeddable":true,"href":"https:\/\/coconutkids.gr\/de\/wp-json\/wp\/v2\/media\/97210"}],"wp:attachment":[{"href":"https:\/\/coconutkids.gr\/de\/wp-json\/wp\/v2\/media?parent=92550"}],"wp:term":[{"taxonomy":"product_brand","embeddable":true,"href":"https:\/\/coconutkids.gr\/de\/wp-json\/wp\/v2\/product_brand?post=92550"},{"taxonomy":"product_cat","embeddable":true,"href":"https:\/\/coconutkids.gr\/de\/wp-json\/wp\/v2\/product_cat?post=92550"},{"taxonomy":"product_tag","embeddable":true,"href":"https:\/\/coconutkids.gr\/de\/wp-json\/wp\/v2\/product_tag?post=92550"}],"curies":[{"name":"wp","href":"https:\/\/api.w.org\/{rel}","templated":true}]}}