{"id":92649,"date":"2023-03-02T17:51:58","date_gmt":"2023-03-02T15:51:58","guid":{"rendered":"https:\/\/coconutkids.gr\/product\/calvin-klein-%ce%b2%cf%81%ce%b5%cf%86%ce%b9%ce%ba%cf%8c-%cf%86%cf%8c%cf%81%ce%b5%ce%bc%ce%b1-%ce%b3%ce%b9%ce%b1-%ce%ba%ce%bf%cf%81%ce%af%cf%84%cf%83%ce%b9-%ce%b3%ce%ba%cf%81%ce%b9-in0in00065-psx\/"},"modified":"2026-04-07T02:02:25","modified_gmt":"2026-04-06T23:02:25","slug":"calvin-klein-%ce%b2%cf%81%ce%b5%cf%86%ce%b9%ce%ba%cf%8c-%cf%86%cf%8c%cf%81%ce%b5%ce%bc%ce%b1-%ce%b3%ce%b9%ce%b1-%ce%ba%ce%bf%cf%81%ce%af%cf%84%cf%83%ce%b9-%ce%b3%ce%ba%cf%81%ce%b9-in0in00065-psx","status":"publish","type":"product","link":"https:\/\/coconutkids.gr\/de\/produkt\/calvin-klein-%ce%b2%cf%81%ce%b5%cf%86%ce%b9%ce%ba%cf%8c-%cf%86%cf%8c%cf%81%ce%b5%ce%bc%ce%b1-%ce%b3%ce%b9%ce%b1-%ce%ba%ce%bf%cf%81%ce%af%cf%84%cf%83%ce%b9-%ce%b3%ce%ba%cf%81%ce%b9-in0in00065-psx\/","title":{"rendered":"Calvin Klein Babykleid f\u00fcr M\u00e4dchen Grau IN0IN00065-PSX"},"content":{"rendered":"<p>Calvin Klein Babykleid f\u00fcr M\u00e4dchen Grau IN0IN00065-PSX<\/p>\n<p>HERO LOGO SS DRESS<\/p>\n<p>\u00dcBERGANGSBAUMWOLLE \/ IN-CONVERSION (93%), ELASTAN (7%)<\/p>","protected":false},"excerpt":{"rendered":"<p>Calvin Klein Babykleid f\u00fcr M\u00e4dchen Grau IN0IN00065-PSX<\/p>","protected":false},"featured_media":97074,"comment_status":"closed","ping_status":"closed","template":"","meta":{"_seopress_robots_primary_cat":"","_seopress_titles_title":"","_seopress_titles_desc":"","_seopress_robots_index":""},"product_brand":[],"product_cat":[1232,1413,316,293,592],"product_tag":[1339],"class_list":{"0":"post-92649","1":"product","2":"type-product","3":"status-publish","4":"has-post-thumbnail","6":"product_cat-summer","7":"product_cat-ss23","8":"product_cat-girls","9":"product_cat-girl-premium","10":"product_cat-girl-0-2","11":"product_tag-ss23","12":"pa_brand-calvin-klein","13":"pa_category-filter-forema","14":"pa_color-filter-906","15":"pa_gender-826","16":"pa_megethos-3m","17":"pa_megethos-6m","18":"pa_megethos-9m","19":"pa_megethos-12m","20":"pa_megethos-18m","21":"pa_megethos-340","22":"pa_megethos-341","23":"pa_megethos-342","24":"pa_season-summer","26":"first","27":"instock","28":"sale","29":"purchasable","30":"product-type-variable"},"_links":{"self":[{"href":"https:\/\/coconutkids.gr\/de\/wp-json\/wp\/v2\/product\/92649","targetHints":{"allow":["GET"]}}],"collection":[{"href":"https:\/\/coconutkids.gr\/de\/wp-json\/wp\/v2\/product"}],"about":[{"href":"https:\/\/coconutkids.gr\/de\/wp-json\/wp\/v2\/types\/product"}],"replies":[{"embeddable":true,"href":"https:\/\/coconutkids.gr\/de\/wp-json\/wp\/v2\/comments?post=92649"}],"version-history":[{"count":0,"href":"https:\/\/coconutkids.gr\/de\/wp-json\/wp\/v2\/product\/92649\/revisions"}],"wp:featuredmedia":[{"embeddable":true,"href":"https:\/\/coconutkids.gr\/de\/wp-json\/wp\/v2\/media\/97074"}],"wp:attachment":[{"href":"https:\/\/coconutkids.gr\/de\/wp-json\/wp\/v2\/media?parent=92649"}],"wp:term":[{"taxonomy":"product_brand","embeddable":true,"href":"https:\/\/coconutkids.gr\/de\/wp-json\/wp\/v2\/product_brand?post=92649"},{"taxonomy":"product_cat","embeddable":true,"href":"https:\/\/coconutkids.gr\/de\/wp-json\/wp\/v2\/product_cat?post=92649"},{"taxonomy":"product_tag","embeddable":true,"href":"https:\/\/coconutkids.gr\/de\/wp-json\/wp\/v2\/product_tag?post=92649"}],"curies":[{"name":"wp","href":"https:\/\/api.w.org\/{rel}","templated":true}]}}