{"id":92740,"date":"2023-03-02T17:53:46","date_gmt":"2023-03-02T15:53:46","guid":{"rendered":"https:\/\/coconutkids.gr\/product\/calvin-klein-%cf%80%ce%b1%ce%b9%ce%b4%ce%b9%ce%ba%cf%8c-%ce%bc%ce%b1%ce%b3%ce%b9%cf%8c-%ce%b3%ce%b9%ce%b1-%ce%ba%ce%bf%cf%81%ce%af%cf%84%cf%83%ce%b9-%cf%81%ce%bf%ce%b6-ky0ky00029-xi1\/"},"modified":"2026-02-19T19:29:06","modified_gmt":"2026-02-19T17:29:06","slug":"calvin-klein-%cf%80%ce%b1%ce%b9%ce%b4%ce%b9%ce%ba%cf%8c-%ce%bc%ce%b1%ce%b3%ce%b9%cf%8c-%ce%b3%ce%b9%ce%b1-%ce%ba%ce%bf%cf%81%ce%af%cf%84%cf%83%ce%b9-%cf%81%ce%bf%ce%b6-ky0ky00029-xi1","status":"publish","type":"product","link":"https:\/\/coconutkids.gr\/de\/produkt\/calvin-klein-%cf%80%ce%b1%ce%b9%ce%b4%ce%b9%ce%ba%cf%8c-%ce%bc%ce%b1%ce%b3%ce%b9%cf%8c-%ce%b3%ce%b9%ce%b1-%ce%ba%ce%bf%cf%81%ce%af%cf%84%cf%83%ce%b9-%cf%81%ce%bf%ce%b6-ky0ky00029-xi1\/","title":{"rendered":"Calvin Klein Kinder-Badeanzug f\u00fcr M\u00e4dchen Rosa KY0KY00029-XI1"},"content":{"rendered":"<p>Calvin Klein Kinder-Badeanzug f\u00fcr M\u00e4dchen Rosa KY0KY00029-XI1<\/p>\n<p>BRALETTE-BIKINI-SET<\/p>\n<p>RECYCELTES POLYESTER (85%), ELASTAN (15%)<\/p>","protected":false},"excerpt":{"rendered":"<p>Calvin Klein Kinder-Badeanzug f\u00fcr M\u00e4dchen Rosa KY0KY00029-XI1<\/p>","protected":false},"featured_media":97090,"comment_status":"closed","ping_status":"closed","template":"","meta":{"_seopress_robots_primary_cat":"","_seopress_titles_title":"","_seopress_titles_desc":"","_seopress_robots_index":""},"product_brand":[],"product_cat":[1232,1413,316,1196,293,55],"product_tag":[1339],"class_list":{"0":"post-92740","1":"product","2":"type-product","3":"status-publish","4":"has-post-thumbnail","6":"product_cat-summer","7":"product_cat-ss23","8":"product_cat-girls","9":"product_cat-girl-sea","10":"product_cat-girl-premium","11":"product_cat-girl-9-16","12":"product_tag-ss23","13":"pa_brand-calvin-klein","14":"pa_category-filter-magio","15":"pa_color-filter-pink","16":"pa_gender-826","17":"pa_megethos-348","18":"pa_megethos-349","19":"pa_megethos-350","20":"pa_megethos-351","21":"pa_season-summer","23":"first","24":"instock","25":"sale","26":"purchasable","27":"product-type-variable"},"_links":{"self":[{"href":"https:\/\/coconutkids.gr\/de\/wp-json\/wp\/v2\/product\/92740","targetHints":{"allow":["GET"]}}],"collection":[{"href":"https:\/\/coconutkids.gr\/de\/wp-json\/wp\/v2\/product"}],"about":[{"href":"https:\/\/coconutkids.gr\/de\/wp-json\/wp\/v2\/types\/product"}],"replies":[{"embeddable":true,"href":"https:\/\/coconutkids.gr\/de\/wp-json\/wp\/v2\/comments?post=92740"}],"version-history":[{"count":0,"href":"https:\/\/coconutkids.gr\/de\/wp-json\/wp\/v2\/product\/92740\/revisions"}],"wp:featuredmedia":[{"embeddable":true,"href":"https:\/\/coconutkids.gr\/de\/wp-json\/wp\/v2\/media\/97090"}],"wp:attachment":[{"href":"https:\/\/coconutkids.gr\/de\/wp-json\/wp\/v2\/media?parent=92740"}],"wp:term":[{"taxonomy":"product_brand","embeddable":true,"href":"https:\/\/coconutkids.gr\/de\/wp-json\/wp\/v2\/product_brand?post=92740"},{"taxonomy":"product_cat","embeddable":true,"href":"https:\/\/coconutkids.gr\/de\/wp-json\/wp\/v2\/product_cat?post=92740"},{"taxonomy":"product_tag","embeddable":true,"href":"https:\/\/coconutkids.gr\/de\/wp-json\/wp\/v2\/product_tag?post=92740"}],"curies":[{"name":"wp","href":"https:\/\/api.w.org\/{rel}","templated":true}]}}