{"id":92806,"date":"2023-03-03T14:30:48","date_gmt":"2023-03-03T12:30:48","guid":{"rendered":"https:\/\/coconutkids.gr\/?post_type=product&#038;p=92806"},"modified":"2026-03-11T09:11:41","modified_gmt":"2026-03-11T07:11:41","slug":"name-it-%cf%80%ce%b1%ce%b9%ce%b4%ce%b9%ce%ba%cf%8c-%ce%b3%ce%b9%ce%bb%ce%ad%ce%ba%ce%bf-%ce%b3%ce%b9%ce%b1-%ce%ba%ce%bf%cf%81%ce%af%cf%84%cf%83%ce%b9-%ce%bb%ce%b9%ce%bb%ce%ac-13211761-01","status":"publish","type":"product","link":"https:\/\/coconutkids.gr\/de\/produkt\/name-it-%cf%80%ce%b1%ce%b9%ce%b4%ce%b9%ce%ba%cf%8c-%ce%b3%ce%b9%ce%bb%ce%ad%ce%ba%ce%bf-%ce%b3%ce%b9%ce%b1-%ce%ba%ce%bf%cf%81%ce%af%cf%84%cf%83%ce%b9-%ce%bb%ce%b9%ce%bb%ce%ac-13211761-01\/","title":{"rendered":"Name It Kinderweste f\u00fcr M\u00e4dchen Lila 13211761-01"},"content":{"rendered":"<p>R\u00fcsten Sie Ihr Kind f\u00fcr jede Jahreszeit mit trendiger Oberbekleidung, die Farbe und einen coolen Touch verleiht. Der gewebte Stoff hat ein markantes Kreuzstichmuster und eine leichte Oberfl\u00e4chenstruktur f\u00fcr einen sauberen und klassischen Look.<\/p>\n<p>- Detailtyp : Produkttyp: Pufferweste<br \/>\n- Verschluss\/Blatt : Reissverschluss<br \/>\n- Stoff : Webstoff<br \/>\n- Futter : Futter aus recyceltem Polyester f\u00fcr ein angenehmes Tragegef\u00fchl<br \/>\n- Futter: Polyesterfutter f\u00fcr W\u00e4rme<br \/>\n- L\u00e4nge\/Gr\u00f6\u00dfe : Kurz<br \/>\n- Zus\u00e4tzliche Details: elastischer Saum<br \/>\n- Druckart : Druck wiederholt auf dem gesamten Stoff<br \/>\n- Hals : Hoher Kragen<br \/>\n- SLEEVE : \u00c4rmellos (S\/L)<\/p>","protected":false},"excerpt":{"rendered":"<p>\u0395\u03c4\u03bf\u03b9\u03bc\u03ac\u03c3\u03c4\u03b5 \u03c4\u03bf \u03c0\u03b1\u03b9\u03b4\u03af \u03c3\u03b1\u03c2 \u03b3\u03b9\u03b1 \u03ba\u03ac\u03b8\u03b5 \u03b5\u03c0\u03bf\u03c7\u03ae \u03bc\u03b5 \u03bc\u03bf\u03bd\u03c4\u03ad\u03c1\u03bd\u03b1 \u03b5\u03be\u03c9\u03c4\u03b5\u03c1\u03b9\u03ba\u03ac \u03c1\u03bf\u03cd\u03c7\u03b1 \u03c0\u03bf\u03c5 \u03c0\u03c1\u03bf\u03c3\u03b8\u03ad\u03c4\u03bf\u03c5\u03bd \u03c7\u03c1\u03ce\u03bc\u03b1 \u03ba\u03b1\u03b9 \u03bc\u03b9\u03b1 \u03b4\u03c1\u03bf\u03c3\u03b5\u03c1\u03ae \u03c0\u03b9\u03bd\u03b5\u03bb\u03b9\u03ac. \u03a4\u03bf \u03c5\u03c6\u03b1\u03bd\u03c4\u03cc<\/p>","protected":false},"featured_media":64802,"comment_status":"open","ping_status":"closed","template":"","meta":{"_seopress_robots_primary_cat":"none","_seopress_titles_title":"","_seopress_titles_desc":"","_seopress_robots_index":""},"product_brand":[],"product_cat":[316,53,55],"product_tag":[],"class_list":{"0":"post-92806","1":"product","2":"type-product","3":"status-publish","4":"has-post-thumbnail","6":"product_cat-girls","7":"product_cat-girl-2-8","8":"product_cat-girl-9-16","9":"pa_brand-name-it","10":"pa_category-filter-gileko","11":"pa_color-filter-purple","12":"pa_gender-826","13":"pa_megethos-346","14":"pa_megethos-347","15":"pa_megethos-348","16":"pa_megethos-467","17":"pa_megethos-349","18":"pa_megethos-468","19":"pa_megethos-350","20":"pa_season-winter","22":"first","23":"instock","24":"shipping-taxable","25":"purchasable","26":"product-type-variable"},"_links":{"self":[{"href":"https:\/\/coconutkids.gr\/de\/wp-json\/wp\/v2\/product\/92806","targetHints":{"allow":["GET"]}}],"collection":[{"href":"https:\/\/coconutkids.gr\/de\/wp-json\/wp\/v2\/product"}],"about":[{"href":"https:\/\/coconutkids.gr\/de\/wp-json\/wp\/v2\/types\/product"}],"replies":[{"embeddable":true,"href":"https:\/\/coconutkids.gr\/de\/wp-json\/wp\/v2\/comments?post=92806"}],"version-history":[{"count":0,"href":"https:\/\/coconutkids.gr\/de\/wp-json\/wp\/v2\/product\/92806\/revisions"}],"wp:featuredmedia":[{"embeddable":true,"href":"https:\/\/coconutkids.gr\/de\/wp-json\/wp\/v2\/media\/64802"}],"wp:attachment":[{"href":"https:\/\/coconutkids.gr\/de\/wp-json\/wp\/v2\/media?parent=92806"}],"wp:term":[{"taxonomy":"product_brand","embeddable":true,"href":"https:\/\/coconutkids.gr\/de\/wp-json\/wp\/v2\/product_brand?post=92806"},{"taxonomy":"product_cat","embeddable":true,"href":"https:\/\/coconutkids.gr\/de\/wp-json\/wp\/v2\/product_cat?post=92806"},{"taxonomy":"product_tag","embeddable":true,"href":"https:\/\/coconutkids.gr\/de\/wp-json\/wp\/v2\/product_tag?post=92806"}],"curies":[{"name":"wp","href":"https:\/\/api.w.org\/{rel}","templated":true}]}}