{"id":94216,"date":"2023-03-07T01:26:06","date_gmt":"2023-03-06T23:26:06","guid":{"rendered":"https:\/\/coconutkids.gr\/product\/balloon-chic-b%cf%81%ce%b5%cf%86%ce%b9%ce%ba%cf%8c-%cf%86%cf%8c%cf%81%ce%b5%ce%bc%ce%b1-%ce%b3%ce%b9%ce%b1-%ce%ba%ce%bf%cf%81%ce%af%cf%84%cf%83%ce%b9-%cf%81%ce%bf%ce%b6-231f0217\/"},"modified":"2025-08-26T11:49:26","modified_gmt":"2025-08-26T08:49:26","slug":"balloon-chic-b%cf%81%ce%b5%cf%86%ce%b9%ce%ba%cf%8c-%cf%86%cf%8c%cf%81%ce%b5%ce%bc%ce%b1-%ce%b3%ce%b9%ce%b1-%ce%ba%ce%bf%cf%81%ce%af%cf%84%cf%83%ce%b9-%cf%81%ce%bf%ce%b6-231f0217","status":"publish","type":"product","link":"https:\/\/coconutkids.gr\/de\/produkt\/balloon-chic-b%cf%81%ce%b5%cf%86%ce%b9%ce%ba%cf%8c-%cf%86%cf%8c%cf%81%ce%b5%ce%bc%ce%b1-%ce%b3%ce%b9%ce%b1-%ce%ba%ce%bf%cf%81%ce%af%cf%84%cf%83%ce%b9-%cf%81%ce%bf%ce%b6-231f0217\/","title":{"rendered":"Ballon Chic Breton Kleid f\u00fcr M\u00e4dchen Rosa 231F0217"},"content":{"rendered":"<p>Ballon Chic Breton Kleid f\u00fcr M\u00e4dchen Rosa 231F0217<\/p>\n<p>100% Baumwolle(100% Innenfutter aus Baumwolle)<\/p>","protected":false},"excerpt":{"rendered":"<p>Ballon Chic Breton Kleid f\u00fcr M\u00e4dchen Rosa 231F0217<\/p>","protected":false},"featured_media":92990,"comment_status":"closed","ping_status":"closed","template":"","meta":{"_seopress_robots_primary_cat":"","_seopress_titles_title":"","_seopress_titles_desc":"","_seopress_robots_index":""},"product_brand":[],"product_cat":[316,293,592,53],"product_tag":[],"class_list":{"0":"post-94216","1":"product","2":"type-product","3":"status-publish","4":"has-post-thumbnail","6":"product_cat-girls","7":"product_cat-girl-premium","8":"product_cat-girl-0-2","9":"product_cat-girl-2-8","10":"pa_brand-balloon-chic","11":"pa_category-filter-forema","12":"pa_color-filter-pink","13":"pa_gender-826","14":"pa_megethos-12m","15":"pa_megethos-18m","16":"pa_megethos-340","17":"pa_megethos-341","18":"pa_megethos-342","19":"pa_megethos-343","20":"pa_megethos-344","21":"pa_megethos-346","22":"pa_season-summer","24":"first","25":"instock","26":"sale","27":"purchasable","28":"product-type-variable"},"_links":{"self":[{"href":"https:\/\/coconutkids.gr\/de\/wp-json\/wp\/v2\/product\/94216","targetHints":{"allow":["GET"]}}],"collection":[{"href":"https:\/\/coconutkids.gr\/de\/wp-json\/wp\/v2\/product"}],"about":[{"href":"https:\/\/coconutkids.gr\/de\/wp-json\/wp\/v2\/types\/product"}],"replies":[{"embeddable":true,"href":"https:\/\/coconutkids.gr\/de\/wp-json\/wp\/v2\/comments?post=94216"}],"version-history":[{"count":0,"href":"https:\/\/coconutkids.gr\/de\/wp-json\/wp\/v2\/product\/94216\/revisions"}],"wp:featuredmedia":[{"embeddable":true,"href":"https:\/\/coconutkids.gr\/de\/wp-json\/wp\/v2\/media\/92990"}],"wp:attachment":[{"href":"https:\/\/coconutkids.gr\/de\/wp-json\/wp\/v2\/media?parent=94216"}],"wp:term":[{"taxonomy":"product_brand","embeddable":true,"href":"https:\/\/coconutkids.gr\/de\/wp-json\/wp\/v2\/product_brand?post=94216"},{"taxonomy":"product_cat","embeddable":true,"href":"https:\/\/coconutkids.gr\/de\/wp-json\/wp\/v2\/product_cat?post=94216"},{"taxonomy":"product_tag","embeddable":true,"href":"https:\/\/coconutkids.gr\/de\/wp-json\/wp\/v2\/product_tag?post=94216"}],"curies":[{"name":"wp","href":"https:\/\/api.w.org\/{rel}","templated":true}]}}