{"id":94322,"date":"2023-03-07T01:30:41","date_gmt":"2023-03-06T23:30:41","guid":{"rendered":"https:\/\/coconutkids.gr\/product\/balloon-chic-b%cf%81%ce%b5%cf%86%ce%b9%ce%ba%cf%8c-%cf%86%cf%8c%cf%81%ce%b5%ce%bc%ce%b1-%ce%b3%ce%b9%ce%b1-%ce%ba%ce%bf%cf%81%ce%af%cf%84%cf%83%ce%b9-%cf%86%ce%bb%ce%bf%cf%81%ce%ac%ce%bb-231f0266\/"},"modified":"2024-07-09T15:21:30","modified_gmt":"2024-07-09T12:21:30","slug":"balloon-chic-b%cf%81%ce%b5%cf%86%ce%b9%ce%ba%cf%8c-%cf%86%cf%8c%cf%81%ce%b5%ce%bc%ce%b1-%ce%b3%ce%b9%ce%b1-%ce%ba%ce%bf%cf%81%ce%af%cf%84%cf%83%ce%b9-%cf%86%ce%bb%ce%bf%cf%81%ce%ac%ce%bb-231f0266","status":"publish","type":"product","link":"https:\/\/coconutkids.gr\/de\/produkt\/balloon-chic-b%cf%81%ce%b5%cf%86%ce%b9%ce%ba%cf%8c-%cf%86%cf%8c%cf%81%ce%b5%ce%bc%ce%b1-%ce%b3%ce%b9%ce%b1-%ce%ba%ce%bf%cf%81%ce%af%cf%84%cf%83%ce%b9-%cf%86%ce%bb%ce%bf%cf%81%ce%ac%ce%bb-231f0266\/","title":{"rendered":"Ballon Chic Br\u00e9fique Kleid f\u00fcr M\u00e4dchen Floral 231F0266"},"content":{"rendered":"<p>Ballon Chic Br\u00e9fique Kleid f\u00fcr M\u00e4dchen Floral 231F0266<\/p>\n<p>98%\u0392\u03b1\u03bc\u03b2\u03ac\u03ba\u03b9-2%\u0395\u03bb\u03b1\u03c3\u03c4\u03ac\u03bd\u03b7(100% \u0392\u03b1\u03bc\u03b2\u03ac\u03ba\u03b9 \u03b5\u03c3\u03c9\u03c4\u03b5\u03c1\u03b9\u03ba\u03ac \u03c6\u03cc\u03b4\u03c1\u03b1)<\/p>","protected":false},"excerpt":{"rendered":"<p>Ballon Chic Br\u00e9fique Kleid f\u00fcr M\u00e4dchen Floral 231F0266<\/p>","protected":false},"featured_media":93002,"comment_status":"closed","ping_status":"closed","template":"","meta":{"_seopress_robots_primary_cat":"","_seopress_titles_title":"","_seopress_titles_desc":"","_seopress_robots_index":""},"product_brand":[],"product_cat":[316,293,53],"product_tag":[],"class_list":{"0":"post-94322","1":"product","2":"type-product","3":"status-publish","4":"has-post-thumbnail","6":"product_cat-girls","7":"product_cat-girl-premium","8":"product_cat-girl-2-8","9":"pa_brand-balloon-chic","10":"pa_category-filter-forema","11":"pa_color-filter-1124","12":"pa_gender-826","13":"pa_megethos-12m","14":"pa_megethos-18m","15":"pa_megethos-340","16":"pa_megethos-341","17":"pa_megethos-342","18":"pa_megethos-343","19":"pa_megethos-344","20":"pa_season-summer","22":"first","23":"instock","24":"sale","25":"purchasable","26":"product-type-variable"},"_links":{"self":[{"href":"https:\/\/coconutkids.gr\/de\/wp-json\/wp\/v2\/product\/94322","targetHints":{"allow":["GET"]}}],"collection":[{"href":"https:\/\/coconutkids.gr\/de\/wp-json\/wp\/v2\/product"}],"about":[{"href":"https:\/\/coconutkids.gr\/de\/wp-json\/wp\/v2\/types\/product"}],"replies":[{"embeddable":true,"href":"https:\/\/coconutkids.gr\/de\/wp-json\/wp\/v2\/comments?post=94322"}],"version-history":[{"count":0,"href":"https:\/\/coconutkids.gr\/de\/wp-json\/wp\/v2\/product\/94322\/revisions"}],"wp:featuredmedia":[{"embeddable":true,"href":"https:\/\/coconutkids.gr\/de\/wp-json\/wp\/v2\/media\/93002"}],"wp:attachment":[{"href":"https:\/\/coconutkids.gr\/de\/wp-json\/wp\/v2\/media?parent=94322"}],"wp:term":[{"taxonomy":"product_brand","embeddable":true,"href":"https:\/\/coconutkids.gr\/de\/wp-json\/wp\/v2\/product_brand?post=94322"},{"taxonomy":"product_cat","embeddable":true,"href":"https:\/\/coconutkids.gr\/de\/wp-json\/wp\/v2\/product_cat?post=94322"},{"taxonomy":"product_tag","embeddable":true,"href":"https:\/\/coconutkids.gr\/de\/wp-json\/wp\/v2\/product_tag?post=94322"}],"curies":[{"name":"wp","href":"https:\/\/api.w.org\/{rel}","templated":true}]}}