{"id":94510,"date":"2023-03-07T01:37:45","date_gmt":"2023-03-06T23:37:45","guid":{"rendered":"https:\/\/coconutkids.gr\/product\/balloon-chic-%cf%80%ce%b1%ce%b9%ce%b4%ce%b9%ce%ba%ce%ae-%cf%84%cf%83%ce%ac%ce%bd%cf%84%ce%b1-%ce%b3%ce%b9%ce%b1-%ce%ba%ce%bf%cf%81%ce%af%cf%84%cf%83%ce%b9-%ce%ac%cf%83%cf%80%cf%81%ce%bf-231f0955\/"},"modified":"2026-02-19T19:29:01","modified_gmt":"2026-02-19T17:29:01","slug":"balloon-chic-%cf%80%ce%b1%ce%b9%ce%b4%ce%b9%ce%ba%ce%ae-%cf%84%cf%83%ce%ac%ce%bd%cf%84%ce%b1-%ce%b3%ce%b9%ce%b1-%ce%ba%ce%bf%cf%81%ce%af%cf%84%cf%83%ce%b9-%ce%ac%cf%83%cf%80%cf%81%ce%bf-231f0955","status":"publish","type":"product","link":"https:\/\/coconutkids.gr\/de\/produkt\/balloon-chic-%cf%80%ce%b1%ce%b9%ce%b4%ce%b9%ce%ba%ce%ae-%cf%84%cf%83%ce%ac%ce%bd%cf%84%ce%b1-%ce%b3%ce%b9%ce%b1-%ce%ba%ce%bf%cf%81%ce%af%cf%84%cf%83%ce%b9-%ce%ac%cf%83%cf%80%cf%81%ce%bf-231f0955\/","title":{"rendered":"Ballon Chic Kinder Tasche f\u00fcr M\u00e4dchen wei\u00df 231F0955"},"content":{"rendered":"<p>Ballon Chic Kinder Tasche f\u00fcr M\u00e4dchen wei\u00df 231F0955<\/p>\n<p>100% Baumwolle<\/p>","protected":false},"excerpt":{"rendered":"<p>Ballon Chic Kinder Tasche f\u00fcr M\u00e4dchen wei\u00df 231F0955<\/p>","protected":false},"featured_media":92972,"comment_status":"closed","ping_status":"closed","template":"","meta":{"_seopress_robots_primary_cat":"","_seopress_titles_title":"","_seopress_titles_desc":"","_seopress_robots_index":""},"product_brand":[],"product_cat":[1232,1412,667,454],"product_tag":[1343],"class_list":{"0":"post-94510","1":"product","2":"type-product","3":"status-publish","4":"has-post-thumbnail","6":"product_cat-summer","7":"product_cat-ss22","8":"product_cat-girl-accessories","9":"product_cat-bags","10":"product_tag-ss22","11":"pa_brand-balloon-chic","12":"pa_category-filter-1098","13":"pa_color-filter-white","14":"pa_gender-826","15":"pa_megethos-one-size","16":"pa_season-summer","18":"first","19":"instock","20":"sale","21":"purchasable","22":"product-type-variable"},"_links":{"self":[{"href":"https:\/\/coconutkids.gr\/de\/wp-json\/wp\/v2\/product\/94510","targetHints":{"allow":["GET"]}}],"collection":[{"href":"https:\/\/coconutkids.gr\/de\/wp-json\/wp\/v2\/product"}],"about":[{"href":"https:\/\/coconutkids.gr\/de\/wp-json\/wp\/v2\/types\/product"}],"replies":[{"embeddable":true,"href":"https:\/\/coconutkids.gr\/de\/wp-json\/wp\/v2\/comments?post=94510"}],"version-history":[{"count":0,"href":"https:\/\/coconutkids.gr\/de\/wp-json\/wp\/v2\/product\/94510\/revisions"}],"wp:featuredmedia":[{"embeddable":true,"href":"https:\/\/coconutkids.gr\/de\/wp-json\/wp\/v2\/media\/92972"}],"wp:attachment":[{"href":"https:\/\/coconutkids.gr\/de\/wp-json\/wp\/v2\/media?parent=94510"}],"wp:term":[{"taxonomy":"product_brand","embeddable":true,"href":"https:\/\/coconutkids.gr\/de\/wp-json\/wp\/v2\/product_brand?post=94510"},{"taxonomy":"product_cat","embeddable":true,"href":"https:\/\/coconutkids.gr\/de\/wp-json\/wp\/v2\/product_cat?post=94510"},{"taxonomy":"product_tag","embeddable":true,"href":"https:\/\/coconutkids.gr\/de\/wp-json\/wp\/v2\/product_tag?post=94510"}],"curies":[{"name":"wp","href":"https:\/\/api.w.org\/{rel}","templated":true}]}}