{"id":94841,"date":"2023-03-07T21:25:55","date_gmt":"2023-03-07T19:25:55","guid":{"rendered":"https:\/\/coconutkids.gr\/product\/toms-%cf%80%ce%b1%ce%b9%ce%b4%ce%b9%ce%ba%ce%ae-%ce%b5%cf%83%cf%80%ce%b1%ce%bd%cf%84%cf%81%ce%af%ce%b3%ce%b9%ce%b1-alpargata-%ce%b3%ce%b9%ce%b1-%ce%ba%ce%bf%cf%81%ce%af%cf%84%cf%83%ce%b9-%cf%87%cf%81\/"},"modified":"2025-04-29T19:54:09","modified_gmt":"2025-04-29T16:54:09","slug":"toms-%cf%80%ce%b1%ce%b9%ce%b4%ce%b9%ce%ba%ce%ae-%ce%b5%cf%83%cf%80%ce%b1%ce%bd%cf%84%cf%81%ce%af%ce%b3%ce%b9%ce%b1-alpargata-%ce%b3%ce%b9%ce%b1-%ce%ba%ce%bf%cf%81%ce%af%cf%84%cf%83%ce%b9-%cf%87%cf%81","status":"publish","type":"product","link":"https:\/\/coconutkids.gr\/de\/produkt\/toms-%cf%80%ce%b1%ce%b9%ce%b4%ce%b9%ce%ba%ce%ae-%ce%b5%cf%83%cf%80%ce%b1%ce%bd%cf%84%cf%81%ce%af%ce%b3%ce%b9%ce%b1-alpargata-%ce%b3%ce%b9%ce%b1-%ce%ba%ce%bf%cf%81%ce%af%cf%84%cf%83%ce%b9-%cf%87%cf%81\/","title":{"rendered":"TOMS Kids' Alpargata Espadrille f\u00fcr M\u00e4dchen Gold 10018653"},"content":{"rendered":"<p>TOMS Kids' Alpargata Espadrille f\u00fcr M\u00e4dchen Gold 10018653<\/p>\n<p>Innen: 100% Baumwolle<\/p>\n<p>\u03a3\u03cc\u03bb\u03b1: 62.1 % Textile 37.9% Rubber<\/p>\n<p>&nbsp;<\/p>\n<p>&nbsp;<\/p>","protected":false},"excerpt":{"rendered":"<p>TOMS Kids' Alpargata Espadrille f\u00fcr M\u00e4dchen Gold 10018653<\/p>","protected":false},"featured_media":94740,"comment_status":"closed","ping_status":"closed","template":"","meta":{"_seopress_robots_primary_cat":"none","_seopress_titles_title":"","_seopress_titles_desc":"","_seopress_robots_index":""},"product_brand":[],"product_cat":[514,277],"product_tag":[],"class_list":{"0":"post-94841","1":"product","2":"type-product","3":"status-publish","4":"has-post-thumbnail","6":"product_cat-shoes","7":"product_cat-girl-shoes-1-16","8":"pa_brand-toms","9":"pa_category-filter-shoes","10":"pa_color-filter-1052","11":"pa_gender-826","12":"pa_megethos-30-shoes","13":"pa_megethos-31-shoes","14":"pa_megethos-31-5-shoes","15":"pa_megethos-32-5-shoes","16":"pa_megethos-33-shoes","17":"pa_megethos-34-shoes","18":"pa_megethos-35-shoes","19":"pa_megethos-35-5-shoes","20":"pa_megethos-36-shoes","21":"pa_megethos-37-shoes","22":"pa_megethos-38-shoes","23":"pa_season-summer","25":"first","26":"instock","27":"sale","28":"purchasable","29":"product-type-variable"},"_links":{"self":[{"href":"https:\/\/coconutkids.gr\/de\/wp-json\/wp\/v2\/product\/94841","targetHints":{"allow":["GET"]}}],"collection":[{"href":"https:\/\/coconutkids.gr\/de\/wp-json\/wp\/v2\/product"}],"about":[{"href":"https:\/\/coconutkids.gr\/de\/wp-json\/wp\/v2\/types\/product"}],"replies":[{"embeddable":true,"href":"https:\/\/coconutkids.gr\/de\/wp-json\/wp\/v2\/comments?post=94841"}],"version-history":[{"count":0,"href":"https:\/\/coconutkids.gr\/de\/wp-json\/wp\/v2\/product\/94841\/revisions"}],"wp:featuredmedia":[{"embeddable":true,"href":"https:\/\/coconutkids.gr\/de\/wp-json\/wp\/v2\/media\/94740"}],"wp:attachment":[{"href":"https:\/\/coconutkids.gr\/de\/wp-json\/wp\/v2\/media?parent=94841"}],"wp:term":[{"taxonomy":"product_brand","embeddable":true,"href":"https:\/\/coconutkids.gr\/de\/wp-json\/wp\/v2\/product_brand?post=94841"},{"taxonomy":"product_cat","embeddable":true,"href":"https:\/\/coconutkids.gr\/de\/wp-json\/wp\/v2\/product_cat?post=94841"},{"taxonomy":"product_tag","embeddable":true,"href":"https:\/\/coconutkids.gr\/de\/wp-json\/wp\/v2\/product_tag?post=94841"}],"curies":[{"name":"wp","href":"https:\/\/api.w.org\/{rel}","templated":true}]}}