{"id":94883,"date":"2023-03-07T21:28:12","date_gmt":"2023-03-07T19:28:12","guid":{"rendered":"https:\/\/coconutkids.gr\/product\/toms-%cf%80%ce%b1%ce%b9%ce%b4%ce%b9%ce%ba%ce%ae-%ce%b5%cf%83%cf%80%ce%b1%ce%bd%cf%84%cf%81%ce%af%ce%b3%ce%b9%ce%b1-alpargata-%ce%b3%ce%b9%ce%b1-%ce%ba%ce%bf%cf%81%ce%af%cf%84%cf%83%ce%b9-%cf%81%ce%bf\/"},"modified":"2025-03-29T10:55:55","modified_gmt":"2025-03-29T08:55:55","slug":"toms-%cf%80%ce%b1%ce%b9%ce%b4%ce%b9%ce%ba%ce%ae-%ce%b5%cf%83%cf%80%ce%b1%ce%bd%cf%84%cf%81%ce%af%ce%b3%ce%b9%ce%b1-alpargata-%ce%b3%ce%b9%ce%b1-%ce%ba%ce%bf%cf%81%ce%af%cf%84%cf%83%ce%b9-%cf%81%ce%bf","status":"publish","type":"product","link":"https:\/\/coconutkids.gr\/de\/produkt\/toms-%cf%80%ce%b1%ce%b9%ce%b4%ce%b9%ce%ba%ce%ae-%ce%b5%cf%83%cf%80%ce%b1%ce%bd%cf%84%cf%81%ce%af%ce%b3%ce%b9%ce%b1-alpargata-%ce%b3%ce%b9%ce%b1-%ce%ba%ce%bf%cf%81%ce%af%cf%84%cf%83%ce%b9-%cf%81%ce%bf\/","title":{"rendered":"TOMS Kids' Alpargata Espadrille f\u00fcr M\u00e4dchen Rosa 10019585"},"content":{"rendered":"<p>TOMS Kids' Alpargata Espadrille f\u00fcr M\u00e4dchen Rosa 10019585<\/p>\n<p>Innen: 100% Baumwolle<\/p>\n<p>Sohle: 59% Textil 41% Gummi<\/p>\n<p>&nbsp;<\/p>\n<p>&nbsp;<\/p>","protected":false},"excerpt":{"rendered":"<p>TOMS Kids' Alpargata Espadrille f\u00fcr M\u00e4dchen Rosa 10019585<\/p>","protected":false},"featured_media":94760,"comment_status":"closed","ping_status":"closed","template":"","meta":{"_seopress_robots_primary_cat":"none","_seopress_titles_title":"","_seopress_titles_desc":"","_seopress_robots_index":""},"product_brand":[],"product_cat":[514,277],"product_tag":[],"class_list":{"0":"post-94883","1":"product","2":"type-product","3":"status-publish","4":"has-post-thumbnail","6":"product_cat-shoes","7":"product_cat-girl-shoes-1-16","8":"pa_brand-toms","9":"pa_category-filter-shoes","10":"pa_color-filter-pink","11":"pa_gender-826","12":"pa_megethos-19-5-shoes","13":"pa_megethos-21-shoes","14":"pa_megethos-22-shoes","15":"pa_megethos-23-5-shoes","16":"pa_megethos-24-5-shoes","17":"pa_megethos-26-shoes","18":"pa_megethos-27-shoes","19":"pa_season-summer","21":"first","22":"instock","23":"sale","24":"purchasable","25":"product-type-variable"},"_links":{"self":[{"href":"https:\/\/coconutkids.gr\/de\/wp-json\/wp\/v2\/product\/94883","targetHints":{"allow":["GET"]}}],"collection":[{"href":"https:\/\/coconutkids.gr\/de\/wp-json\/wp\/v2\/product"}],"about":[{"href":"https:\/\/coconutkids.gr\/de\/wp-json\/wp\/v2\/types\/product"}],"replies":[{"embeddable":true,"href":"https:\/\/coconutkids.gr\/de\/wp-json\/wp\/v2\/comments?post=94883"}],"version-history":[{"count":0,"href":"https:\/\/coconutkids.gr\/de\/wp-json\/wp\/v2\/product\/94883\/revisions"}],"wp:featuredmedia":[{"embeddable":true,"href":"https:\/\/coconutkids.gr\/de\/wp-json\/wp\/v2\/media\/94760"}],"wp:attachment":[{"href":"https:\/\/coconutkids.gr\/de\/wp-json\/wp\/v2\/media?parent=94883"}],"wp:term":[{"taxonomy":"product_brand","embeddable":true,"href":"https:\/\/coconutkids.gr\/de\/wp-json\/wp\/v2\/product_brand?post=94883"},{"taxonomy":"product_cat","embeddable":true,"href":"https:\/\/coconutkids.gr\/de\/wp-json\/wp\/v2\/product_cat?post=94883"},{"taxonomy":"product_tag","embeddable":true,"href":"https:\/\/coconutkids.gr\/de\/wp-json\/wp\/v2\/product_tag?post=94883"}],"curies":[{"name":"wp","href":"https:\/\/api.w.org\/{rel}","templated":true}]}}