{"id":95191,"date":"2023-03-14T15:18:10","date_gmt":"2023-03-14T13:18:10","guid":{"rendered":"https:\/\/coconutkids.gr\/product\/name-it-%cf%80%ce%b1%ce%b9%ce%b4%ce%b9%ce%ba%cf%8c-%cf%80%ce%b1%ce%bd%cf%84%ce%b5%ce%bb%cf%8c%ce%bd%ce%b9-%ce%b3%ce%b9%ce%b1-%ce%ba%ce%bf%cf%81%ce%af%cf%84%cf%83%ce%b9-%ce%ac%cf%83%cf%80%cf%81%ce%bf-1\/"},"modified":"2026-03-31T12:13:31","modified_gmt":"2026-03-31T09:13:31","slug":"name-it-%cf%80%ce%b1%ce%b9%ce%b4%ce%b9%ce%ba%cf%8c-%cf%80%ce%b1%ce%bd%cf%84%ce%b5%ce%bb%cf%8c%ce%bd%ce%b9-%ce%b3%ce%b9%ce%b1-%ce%ba%ce%bf%cf%81%ce%af%cf%84%cf%83%ce%b9-%ce%ac%cf%83%cf%80%cf%81%ce%bf-1","status":"publish","type":"product","link":"https:\/\/coconutkids.gr\/de\/produkt\/name-it-%cf%80%ce%b1%ce%b9%ce%b4%ce%b9%ce%ba%cf%8c-%cf%80%ce%b1%ce%bd%cf%84%ce%b5%ce%bb%cf%8c%ce%bd%ce%b9-%ce%b3%ce%b9%ce%b1-%ce%ba%ce%bf%cf%81%ce%af%cf%84%cf%83%ce%b9-%ce%ac%cf%83%cf%80%cf%81%ce%bf-1\/","title":{"rendered":"Name it Kinderhosen f\u00fcr M\u00e4dchen Wei\u00df 13211632-11-0601-TCX"},"content":{"rendered":"<p>Zusammensetzung: 98% Baumwolle, 2% Elastan<\/p>\n<p>Wash and Care: MAXIMUM TEMPERATURE 40C NORMAL PROCESSDO NOT BLEACHDO NOT TUMBLE DRYLINE DRYINGIRON AT MAXIMUM SOLE-PLATE TEMPERATURE  OF 150CDO NOT DRY CLEAN<\/p>\n<p>Wash inside outMax. shrinkage 5%Wash with similar colours<\/p>","protected":false},"excerpt":{"rendered":"<p>Composition: 98% \u0392\u03b1\u03bc\u03b2\u03ac\u03ba\u03b9, 2% \u0395\u03bb\u03b1\u03c3\u03c4\u03ac\u03bd\u03b7 Wash and Care: MAXIMUM TEMPERATURE 40C NORMAL PROCESSDO NOT BLEACHDO NOT TUMBLE DRYLINE DRYINGIRON AT<\/p>","protected":false},"featured_media":92884,"comment_status":"closed","ping_status":"closed","template":"","meta":{"_seopress_robots_primary_cat":"","_seopress_titles_title":"","_seopress_titles_desc":"","_seopress_robots_index":""},"product_brand":[],"product_cat":[1232,1413,316,55],"product_tag":[1339],"class_list":{"0":"post-95191","1":"product","2":"type-product","3":"status-publish","4":"has-post-thumbnail","6":"product_cat-summer","7":"product_cat-ss23","8":"product_cat-girls","9":"product_cat-girl-9-16","10":"product_tag-ss23","11":"pa_brand-name-it","12":"pa_category-filter-panteloni","13":"pa_color-filter-white","14":"pa_gender-826","15":"pa_megethos-346","16":"pa_megethos-347","17":"pa_megethos-348","18":"pa_megethos-467","19":"pa_megethos-349","20":"pa_megethos-468","21":"pa_megethos-350","22":"pa_season-summer","24":"first","25":"instock","26":"purchasable","27":"product-type-variable"},"_links":{"self":[{"href":"https:\/\/coconutkids.gr\/de\/wp-json\/wp\/v2\/product\/95191","targetHints":{"allow":["GET"]}}],"collection":[{"href":"https:\/\/coconutkids.gr\/de\/wp-json\/wp\/v2\/product"}],"about":[{"href":"https:\/\/coconutkids.gr\/de\/wp-json\/wp\/v2\/types\/product"}],"replies":[{"embeddable":true,"href":"https:\/\/coconutkids.gr\/de\/wp-json\/wp\/v2\/comments?post=95191"}],"version-history":[{"count":0,"href":"https:\/\/coconutkids.gr\/de\/wp-json\/wp\/v2\/product\/95191\/revisions"}],"wp:featuredmedia":[{"embeddable":true,"href":"https:\/\/coconutkids.gr\/de\/wp-json\/wp\/v2\/media\/92884"}],"wp:attachment":[{"href":"https:\/\/coconutkids.gr\/de\/wp-json\/wp\/v2\/media?parent=95191"}],"wp:term":[{"taxonomy":"product_brand","embeddable":true,"href":"https:\/\/coconutkids.gr\/de\/wp-json\/wp\/v2\/product_brand?post=95191"},{"taxonomy":"product_cat","embeddable":true,"href":"https:\/\/coconutkids.gr\/de\/wp-json\/wp\/v2\/product_cat?post=95191"},{"taxonomy":"product_tag","embeddable":true,"href":"https:\/\/coconutkids.gr\/de\/wp-json\/wp\/v2\/product_tag?post=95191"}],"curies":[{"name":"wp","href":"https:\/\/api.w.org\/{rel}","templated":true}]}}