{"id":95475,"date":"2023-03-14T15:24:34","date_gmt":"2023-03-14T13:24:34","guid":{"rendered":"https:\/\/coconutkids.gr\/product\/name-it-%cf%80%ce%b1%ce%b9%ce%b4%ce%b9%ce%ba%cf%8c-%cf%83%ce%bf%cf%81%cf%84%cf%82-%ce%b3%ce%b9%ce%b1-%ce%b1%ce%b3%cf%8c%cf%81%ce%b9-%cf%84%ce%b6%ce%b9%ce%bd-%cf%83%ce%ba%ce%bf%cf%8d%cf%81%ce%bf-%ce%bc\/"},"modified":"2026-03-31T09:22:02","modified_gmt":"2026-03-31T06:22:02","slug":"name-it-%cf%80%ce%b1%ce%b9%ce%b4%ce%b9%ce%ba%cf%8c-%cf%83%ce%bf%cf%81%cf%84%cf%82-%ce%b3%ce%b9%ce%b1-%ce%b1%ce%b3%cf%8c%cf%81%ce%b9-%cf%84%ce%b6%ce%b9%ce%bd-%cf%83%ce%ba%ce%bf%cf%8d%cf%81%ce%bf-%ce%bc","status":"publish","type":"product","link":"https:\/\/coconutkids.gr\/de\/produkt\/name-it-%cf%80%ce%b1%ce%b9%ce%b4%ce%b9%ce%ba%cf%8c-%cf%83%ce%bf%cf%81%cf%84%cf%82-%ce%b3%ce%b9%ce%b1-%ce%b1%ce%b3%cf%8c%cf%81%ce%b9-%cf%84%ce%b6%ce%b9%ce%bd-%cf%83%ce%ba%ce%bf%cf%8d%cf%81%ce%bf-%ce%bc\/","title":{"rendered":"Name it Kindershorts f\u00fcr Jungen Jeans Dunkelblau 13213279-BS000042"},"content":{"rendered":"<p>Zusammensetzung: 72% Baumwolle, 26% Polyester, 2% Elastan<\/p>\n<p>Waschen und Pflege: H\u00d6CHSTTEMPERATUR 40 C SCHONEND VERARBEITENNICHT BLEICHENNICHT TUMBELN NICHT TROCKNENL\u00c4NGEN BEI EINER H\u00d6CHSTTEMPERATUR VON 150\u00b0C AUF DER BODENPLATTE NICHT TROCKNEN<\/p>\n<p>Mit \u00e4hnlichen Farben waschen<\/p>","protected":false},"excerpt":{"rendered":"<p>Composition: 72% \u0392\u03b1\u03bc\u03b2\u03ac\u03ba\u03b9, 26% \u03a0\u03bf\u03bb\u03c5\u03ad\u03c3\u03c4\u03b5\u03c1, 2% \u0395\u03bb\u03b1\u03c3\u03c4\u03ac\u03bd\u03b7 Wash and Care: MAXIMUM TEMPERATURE 40 C GENTLE PROCESSDO NOT BLEACHDO NOT TUMBLE<\/p>","protected":false},"featured_media":64671,"comment_status":"closed","ping_status":"closed","template":"","meta":{"_seopress_robots_primary_cat":"none","_seopress_titles_title":"","_seopress_titles_desc":"","_seopress_robots_index":""},"product_brand":[],"product_cat":[1232,315,809,56],"product_tag":[1339],"class_list":{"0":"post-95475","1":"product","2":"type-product","3":"status-publish","4":"has-post-thumbnail","6":"product_cat-summer","7":"product_cat-boy","8":"product_cat-boy-0-2","9":"product_cat-boy-9-16","10":"product_tag-ss23","11":"pa_brand-name-it","12":"pa_category-filter-1117","13":"pa_color-filter-973","14":"pa_gender-818","15":"pa_megethos-340","16":"pa_megethos-341","17":"pa_megethos-342","18":"pa_megethos-343","19":"pa_megethos-344","20":"pa_megethos-345","21":"pa_season-summer","23":"first","24":"instock","25":"sale","26":"purchasable","27":"product-type-variable"},"_links":{"self":[{"href":"https:\/\/coconutkids.gr\/de\/wp-json\/wp\/v2\/product\/95475","targetHints":{"allow":["GET"]}}],"collection":[{"href":"https:\/\/coconutkids.gr\/de\/wp-json\/wp\/v2\/product"}],"about":[{"href":"https:\/\/coconutkids.gr\/de\/wp-json\/wp\/v2\/types\/product"}],"replies":[{"embeddable":true,"href":"https:\/\/coconutkids.gr\/de\/wp-json\/wp\/v2\/comments?post=95475"}],"version-history":[{"count":0,"href":"https:\/\/coconutkids.gr\/de\/wp-json\/wp\/v2\/product\/95475\/revisions"}],"wp:featuredmedia":[{"embeddable":true,"href":"https:\/\/coconutkids.gr\/de\/wp-json\/wp\/v2\/media\/64671"}],"wp:attachment":[{"href":"https:\/\/coconutkids.gr\/de\/wp-json\/wp\/v2\/media?parent=95475"}],"wp:term":[{"taxonomy":"product_brand","embeddable":true,"href":"https:\/\/coconutkids.gr\/de\/wp-json\/wp\/v2\/product_brand?post=95475"},{"taxonomy":"product_cat","embeddable":true,"href":"https:\/\/coconutkids.gr\/de\/wp-json\/wp\/v2\/product_cat?post=95475"},{"taxonomy":"product_tag","embeddable":true,"href":"https:\/\/coconutkids.gr\/de\/wp-json\/wp\/v2\/product_tag?post=95475"}],"curies":[{"name":"wp","href":"https:\/\/api.w.org\/{rel}","templated":true}]}}