{"id":95541,"date":"2023-03-14T15:26:08","date_gmt":"2023-03-14T13:26:08","guid":{"rendered":"https:\/\/coconutkids.gr\/product\/name-it-%cf%80%ce%b1%ce%b9%ce%b4%ce%b9%ce%ba%ce%ae-%ce%bc%cf%80%ce%bb%ce%bf%cf%8d%ce%b6%ce%b1-%ce%b3%ce%b9%ce%b1-%ce%ba%ce%bf%cf%81%ce%af%cf%84%cf%83%ce%b9-%cf%83%ce%ba%ce%bf%cf%8d%cf%81%ce%bf-%ce%bc\/"},"modified":"2026-02-19T19:27:34","modified_gmt":"2026-02-19T17:27:34","slug":"name-it-%cf%80%ce%b1%ce%b9%ce%b4%ce%b9%ce%ba%ce%ae-%ce%bc%cf%80%ce%bb%ce%bf%cf%8d%ce%b6%ce%b1-%ce%b3%ce%b9%ce%b1-%ce%ba%ce%bf%cf%81%ce%af%cf%84%cf%83%ce%b9-%cf%83%ce%ba%ce%bf%cf%8d%cf%81%ce%bf-%ce%bc","status":"publish","type":"product","link":"https:\/\/coconutkids.gr\/de\/produkt\/name-it-%cf%80%ce%b1%ce%b9%ce%b4%ce%b9%ce%ba%ce%ae-%ce%bc%cf%80%ce%bb%ce%bf%cf%8d%ce%b6%ce%b1-%ce%b3%ce%b9%ce%b1-%ce%ba%ce%bf%cf%81%ce%af%cf%84%cf%83%ce%b9-%cf%83%ce%ba%ce%bf%cf%8d%cf%81%ce%bf-%ce%bc\/","title":{"rendered":"Name it M\u00e4dchenbluse f\u00fcr M\u00e4dchen Dunkelblau 13213302-19-4020-TCX"},"content":{"rendered":"<p>Composition: 100% \u039f\u03c1\u03b3\u03b1\u03bd\u03b9\u03ba\u03cc \u0392\u03b1\u03bc\u03b2\u03ac\u03ba\u03b9<\/p>\n<p>Waschen und Pflege: H\u00d6CHSTTEMPERATUR 40C NORMALE VERARBEITUNGNICHT BLEICHENNICHT TUMBELN NICHT TROCKNENLINIENREINIGUNG BEI H\u00d6CHSTTEMPERATUR VON 150CDO NICHT TROCKNENREINIGEN<\/p>","protected":false},"excerpt":{"rendered":"<p>Composition: 100% \u039f\u03c1\u03b3\u03b1\u03bd\u03b9\u03ba\u03cc \u0392\u03b1\u03bc\u03b2\u03ac\u03ba\u03b9 Wash and Care: MAXIMUM TEMPERATURE 40C NORMAL PROCESSDO NOT BLEACHDO NOT TUMBLE DRYLINE DRYINGIRON AT MAXIMUM<\/p>","protected":false},"featured_media":99680,"comment_status":"closed","ping_status":"closed","template":"","meta":{"_seopress_robots_primary_cat":"none","_seopress_titles_title":"","_seopress_titles_desc":"","_seopress_robots_index":""},"product_brand":[],"product_cat":[1232,1413,316,53,55],"product_tag":[1339],"class_list":{"0":"post-95541","1":"product","2":"type-product","3":"status-publish","4":"has-post-thumbnail","6":"product_cat-summer","7":"product_cat-ss23","8":"product_cat-girls","9":"product_cat-girl-2-8","10":"product_cat-girl-9-16","11":"product_tag-ss23","12":"pa_brand-name-it","13":"pa_category-filter-mplouza","14":"pa_color-filter-blue","15":"pa_gender-826","16":"pa_megethos-346","17":"pa_megethos-348","18":"pa_megethos-349","19":"pa_megethos-350","20":"pa_season-summer","22":"first","23":"instock","24":"sale","25":"purchasable","26":"product-type-variable"},"_links":{"self":[{"href":"https:\/\/coconutkids.gr\/de\/wp-json\/wp\/v2\/product\/95541","targetHints":{"allow":["GET"]}}],"collection":[{"href":"https:\/\/coconutkids.gr\/de\/wp-json\/wp\/v2\/product"}],"about":[{"href":"https:\/\/coconutkids.gr\/de\/wp-json\/wp\/v2\/types\/product"}],"replies":[{"embeddable":true,"href":"https:\/\/coconutkids.gr\/de\/wp-json\/wp\/v2\/comments?post=95541"}],"version-history":[{"count":0,"href":"https:\/\/coconutkids.gr\/de\/wp-json\/wp\/v2\/product\/95541\/revisions"}],"wp:featuredmedia":[{"embeddable":true,"href":"https:\/\/coconutkids.gr\/de\/wp-json\/wp\/v2\/media\/99680"}],"wp:attachment":[{"href":"https:\/\/coconutkids.gr\/de\/wp-json\/wp\/v2\/media?parent=95541"}],"wp:term":[{"taxonomy":"product_brand","embeddable":true,"href":"https:\/\/coconutkids.gr\/de\/wp-json\/wp\/v2\/product_brand?post=95541"},{"taxonomy":"product_cat","embeddable":true,"href":"https:\/\/coconutkids.gr\/de\/wp-json\/wp\/v2\/product_cat?post=95541"},{"taxonomy":"product_tag","embeddable":true,"href":"https:\/\/coconutkids.gr\/de\/wp-json\/wp\/v2\/product_tag?post=95541"}],"curies":[{"name":"wp","href":"https:\/\/api.w.org\/{rel}","templated":true}]}}