{"id":95889,"date":"2023-03-14T15:34:00","date_gmt":"2023-03-14T13:34:00","guid":{"rendered":"https:\/\/coconutkids.gr\/product\/name-it-%cf%80%ce%b1%ce%b9%ce%b4%ce%b9%ce%ba%ce%ae-%ce%bc%cf%80%ce%bb%ce%bf%cf%8d%ce%b6%ce%b1-%ce%b3%ce%b9%ce%b1-%ce%ba%ce%bf%cf%81%ce%af%cf%84%cf%83%ce%b9-%ce%ac%cf%83%cf%80%cf%81%ce%bf-13214917-11-0\/"},"modified":"2026-02-19T19:27:11","modified_gmt":"2026-02-19T17:27:11","slug":"name-it-%cf%80%ce%b1%ce%b9%ce%b4%ce%b9%ce%ba%ce%ae-%ce%bc%cf%80%ce%bb%ce%bf%cf%8d%ce%b6%ce%b1-%ce%b3%ce%b9%ce%b1-%ce%ba%ce%bf%cf%81%ce%af%cf%84%cf%83%ce%b9-%ce%ac%cf%83%cf%80%cf%81%ce%bf-13214917-11-0","status":"publish","type":"product","link":"https:\/\/coconutkids.gr\/de\/produkt\/name-it-%cf%80%ce%b1%ce%b9%ce%b4%ce%b9%ce%ba%ce%ae-%ce%bc%cf%80%ce%bb%ce%bf%cf%8d%ce%b6%ce%b1-%ce%b3%ce%b9%ce%b1-%ce%ba%ce%bf%cf%81%ce%af%cf%84%cf%83%ce%b9-%ce%ac%cf%83%cf%80%cf%81%ce%bf-13214917-11-0\/","title":{"rendered":"Name it Girls' Bluse f\u00fcr M\u00e4dchen Wei\u00df 13214917-11-0601-TCX"},"content":{"rendered":"<p>Composition: 51% Cotton &#8211; Organic, 44% \u0392\u03b1\u03bc\u03b2\u03ac\u03ba\u03b9, 5% \u0395\u03bb\u03b1\u03c3\u03c4\u03ac\u03bd\u03b7<\/p>\n<p>Waschen und Pflegen: MAXIMALE TEMPERATUR 40C NORMALE VERARBEITUNG NICHT BLEICHEN TUMPELN TROCKNEN M\u00d6GLICH BEI NIEDRIGERER TEMPERATUR TROCKNEN BEI MAXIMALER TEMPERATUR VON 150CDO NOT DRY CLEAN<\/p>\n<p>Mit \u00e4hnlichen Farben waschen<\/p>","protected":false},"excerpt":{"rendered":"<p>Composition: 51% Cotton &#8211; Organic, 44% \u0392\u03b1\u03bc\u03b2\u03ac\u03ba\u03b9, 5% \u0395\u03bb\u03b1\u03c3\u03c4\u03ac\u03bd\u03b7 Wash and Care: MAXIMUM TEMPERATURE 40C NORMAL PROCESSDO NOT BLEACHTUMBLE DRYING<\/p>","protected":false},"featured_media":97836,"comment_status":"closed","ping_status":"closed","template":"","meta":{"_seopress_robots_primary_cat":"none","_seopress_titles_title":"","_seopress_titles_desc":"","_seopress_robots_index":""},"product_brand":[],"product_cat":[1232,1413,316,53,55],"product_tag":[1339],"class_list":{"0":"post-95889","1":"product","2":"type-product","3":"status-publish","4":"has-post-thumbnail","6":"product_cat-summer","7":"product_cat-ss23","8":"product_cat-girls","9":"product_cat-girl-2-8","10":"product_cat-girl-9-16","11":"product_tag-ss23","12":"pa_brand-name-it","13":"pa_category-filter-mplouza","14":"pa_color-filter-white","15":"pa_gender-826","16":"pa_megethos-346","17":"pa_megethos-348","18":"pa_megethos-349","19":"pa_megethos-350","20":"pa_season-summer","22":"first","23":"instock","24":"sale","25":"purchasable","26":"product-type-variable"},"_links":{"self":[{"href":"https:\/\/coconutkids.gr\/de\/wp-json\/wp\/v2\/product\/95889","targetHints":{"allow":["GET"]}}],"collection":[{"href":"https:\/\/coconutkids.gr\/de\/wp-json\/wp\/v2\/product"}],"about":[{"href":"https:\/\/coconutkids.gr\/de\/wp-json\/wp\/v2\/types\/product"}],"replies":[{"embeddable":true,"href":"https:\/\/coconutkids.gr\/de\/wp-json\/wp\/v2\/comments?post=95889"}],"version-history":[{"count":0,"href":"https:\/\/coconutkids.gr\/de\/wp-json\/wp\/v2\/product\/95889\/revisions"}],"wp:featuredmedia":[{"embeddable":true,"href":"https:\/\/coconutkids.gr\/de\/wp-json\/wp\/v2\/media\/97836"}],"wp:attachment":[{"href":"https:\/\/coconutkids.gr\/de\/wp-json\/wp\/v2\/media?parent=95889"}],"wp:term":[{"taxonomy":"product_brand","embeddable":true,"href":"https:\/\/coconutkids.gr\/de\/wp-json\/wp\/v2\/product_brand?post=95889"},{"taxonomy":"product_cat","embeddable":true,"href":"https:\/\/coconutkids.gr\/de\/wp-json\/wp\/v2\/product_cat?post=95889"},{"taxonomy":"product_tag","embeddable":true,"href":"https:\/\/coconutkids.gr\/de\/wp-json\/wp\/v2\/product_tag?post=95889"}],"curies":[{"name":"wp","href":"https:\/\/api.w.org\/{rel}","templated":true}]}}