{"id":97938,"date":"2023-03-31T15:23:22","date_gmt":"2023-03-31T12:23:22","guid":{"rendered":"https:\/\/coconutkids.gr\/?post_type=product&#038;p=97938"},"modified":"2026-02-19T19:25:35","modified_gmt":"2026-02-19T17:25:35","slug":"mayoral-%cf%80%ce%b1%ce%b9%ce%b4%ce%b9%ce%ba%ce%ae-%ce%bc%cf%80%ce%bb%ce%bf%cf%8d%ce%b6%ce%b1-%ce%b3%ce%b9%ce%b1-%ce%ba%ce%bf%cf%81%ce%af%cf%84%cf%83%ce%b9-%ce%bb%ce%b5%cf%85%ce%ba%ce%ae-23-06195-078","status":"publish","type":"product","link":"https:\/\/coconutkids.gr\/de\/produkt\/mayoral-%cf%80%ce%b1%ce%b9%ce%b4%ce%b9%ce%ba%ce%ae-%ce%bc%cf%80%ce%bb%ce%bf%cf%8d%ce%b6%ce%b1-%ce%b3%ce%b9%ce%b1-%ce%ba%ce%bf%cf%81%ce%af%cf%84%cf%83%ce%b9-%ce%bb%ce%b5%cf%85%ce%ba%ce%ae-23-06195-078\/","title":{"rendered":"Mayoral Girls' Bluse f\u00fcr M\u00e4dchen Wei\u00df 23-06195-078"},"content":{"rendered":"","protected":false},"excerpt":{"rendered":"","protected":false},"featured_media":97948,"comment_status":"open","ping_status":"closed","template":"","meta":{"_seopress_robots_primary_cat":"none","_seopress_titles_title":"","_seopress_titles_desc":"","_seopress_robots_index":""},"product_brand":[],"product_cat":[1232,1413,316,53,55],"product_tag":[1339],"class_list":{"0":"post-97938","1":"product","2":"type-product","3":"status-publish","4":"has-post-thumbnail","6":"product_cat-summer","7":"product_cat-ss23","8":"product_cat-girls","9":"product_cat-girl-2-8","10":"product_cat-girl-9-16","11":"product_tag-ss23","12":"pa_brand-mayoral","13":"pa_category-filter-mplouza","14":"pa_color-filter-white","15":"pa_gender-826","16":"pa_megethos-346","17":"pa_megethos-348","18":"pa_megethos-349","19":"pa_megethos-350","20":"pa_megethos-351","21":"pa_megethos-1197","22":"pa_season-summer","24":"first","25":"instock","26":"sale","27":"shipping-taxable","28":"purchasable","29":"product-type-variable"},"_links":{"self":[{"href":"https:\/\/coconutkids.gr\/de\/wp-json\/wp\/v2\/product\/97938","targetHints":{"allow":["GET"]}}],"collection":[{"href":"https:\/\/coconutkids.gr\/de\/wp-json\/wp\/v2\/product"}],"about":[{"href":"https:\/\/coconutkids.gr\/de\/wp-json\/wp\/v2\/types\/product"}],"replies":[{"embeddable":true,"href":"https:\/\/coconutkids.gr\/de\/wp-json\/wp\/v2\/comments?post=97938"}],"version-history":[{"count":0,"href":"https:\/\/coconutkids.gr\/de\/wp-json\/wp\/v2\/product\/97938\/revisions"}],"wp:featuredmedia":[{"embeddable":true,"href":"https:\/\/coconutkids.gr\/de\/wp-json\/wp\/v2\/media\/97948"}],"wp:attachment":[{"href":"https:\/\/coconutkids.gr\/de\/wp-json\/wp\/v2\/media?parent=97938"}],"wp:term":[{"taxonomy":"product_brand","embeddable":true,"href":"https:\/\/coconutkids.gr\/de\/wp-json\/wp\/v2\/product_brand?post=97938"},{"taxonomy":"product_cat","embeddable":true,"href":"https:\/\/coconutkids.gr\/de\/wp-json\/wp\/v2\/product_cat?post=97938"},{"taxonomy":"product_tag","embeddable":true,"href":"https:\/\/coconutkids.gr\/de\/wp-json\/wp\/v2\/product_tag?post=97938"}],"curies":[{"name":"wp","href":"https:\/\/api.w.org\/{rel}","templated":true}]}}