{"id":98159,"date":"2023-04-01T19:11:00","date_gmt":"2023-04-01T16:11:00","guid":{"rendered":"https:\/\/coconutkids.gr\/product\/coconut-%cf%80%ce%b1%ce%b9%ce%b4%ce%b9%ce%ba%cf%8c-%cf%80%ce%ad%ce%b4%ce%b9%ce%bb%ce%bf-%ce%b3%ce%b9%ce%b1-%ce%ba%ce%bf%cf%81%ce%af%cf%84%cf%83%ce%b9-yellow-c904-1\/"},"modified":"2025-07-13T02:50:25","modified_gmt":"2025-07-12T23:50:25","slug":"coconut-%cf%80%ce%b1%ce%b9%ce%b4%ce%b9%ce%ba%cf%8c-%cf%80%ce%ad%ce%b4%ce%b9%ce%bb%ce%bf-%ce%b3%ce%b9%ce%b1-%ce%ba%ce%bf%cf%81%ce%af%cf%84%cf%83%ce%b9-yellow-c904-1","status":"publish","type":"product","link":"https:\/\/coconutkids.gr\/de\/produkt\/coconut-%cf%80%ce%b1%ce%b9%ce%b4%ce%b9%ce%ba%cf%8c-%cf%80%ce%ad%ce%b4%ce%b9%ce%bb%ce%bf-%ce%b3%ce%b9%ce%b1-%ce%ba%ce%bf%cf%81%ce%af%cf%84%cf%83%ce%b9-yellow-c904-1\/","title":{"rendered":"Kokosnuss Kindersandale f\u00fcr M\u00e4dchen gelb C904-1"},"content":{"rendered":"<p>Kokosnuss Kindersandale f\u00fcr M\u00e4dchen gelb C904-1<\/p>","protected":false},"excerpt":{"rendered":"<p>Kokosnuss Kindersandale f\u00fcr M\u00e4dchen gelb C904-1<\/p>","protected":false},"featured_media":99516,"comment_status":"closed","ping_status":"closed","template":"","meta":{"_seopress_robots_primary_cat":"","_seopress_titles_title":"","_seopress_titles_desc":"","_seopress_robots_index":""},"product_brand":[],"product_cat":[1232,316,277],"product_tag":[],"class_list":{"0":"post-98159","1":"product","2":"type-product","3":"status-publish","4":"has-post-thumbnail","6":"product_cat-summer","7":"product_cat-girls","8":"product_cat-girl-shoes-1-16","9":"pa_brand-coconut","10":"pa_category-filter-shoes","11":"pa_color-filter-yellow","12":"pa_gender-826","13":"pa_megethos-24-shoes","14":"pa_megethos-25-shoes","15":"pa_megethos-26-shoes","16":"pa_megethos-27-shoes","17":"pa_megethos-28-shoes","18":"pa_megethos-29-shoes","19":"pa_megethos-30-shoes","20":"pa_megethos-31-shoes","21":"pa_megethos-32-shoes","22":"pa_megethos-33-shoes","23":"pa_megethos-34-shoes","24":"pa_megethos-35-shoes","25":"pa_season-summer","27":"first","28":"instock","29":"sale","30":"purchasable","31":"product-type-variable"},"_links":{"self":[{"href":"https:\/\/coconutkids.gr\/de\/wp-json\/wp\/v2\/product\/98159","targetHints":{"allow":["GET"]}}],"collection":[{"href":"https:\/\/coconutkids.gr\/de\/wp-json\/wp\/v2\/product"}],"about":[{"href":"https:\/\/coconutkids.gr\/de\/wp-json\/wp\/v2\/types\/product"}],"replies":[{"embeddable":true,"href":"https:\/\/coconutkids.gr\/de\/wp-json\/wp\/v2\/comments?post=98159"}],"version-history":[{"count":0,"href":"https:\/\/coconutkids.gr\/de\/wp-json\/wp\/v2\/product\/98159\/revisions"}],"wp:featuredmedia":[{"embeddable":true,"href":"https:\/\/coconutkids.gr\/de\/wp-json\/wp\/v2\/media\/99516"}],"wp:attachment":[{"href":"https:\/\/coconutkids.gr\/de\/wp-json\/wp\/v2\/media?parent=98159"}],"wp:term":[{"taxonomy":"product_brand","embeddable":true,"href":"https:\/\/coconutkids.gr\/de\/wp-json\/wp\/v2\/product_brand?post=98159"},{"taxonomy":"product_cat","embeddable":true,"href":"https:\/\/coconutkids.gr\/de\/wp-json\/wp\/v2\/product_cat?post=98159"},{"taxonomy":"product_tag","embeddable":true,"href":"https:\/\/coconutkids.gr\/de\/wp-json\/wp\/v2\/product_tag?post=98159"}],"curies":[{"name":"wp","href":"https:\/\/api.w.org\/{rel}","templated":true}]}}