{"id":98549,"date":"2023-04-04T03:10:40","date_gmt":"2023-04-04T00:10:40","guid":{"rendered":"https:\/\/coconutkids.gr\/product\/marc-jacobs-%cf%80%ce%b1%ce%b9%ce%b4%ce%b9%ce%ba%ce%ae-%ce%bc%cf%80%ce%bb%ce%bf%cf%8d%ce%b6%ce%b1-%ce%b3%ce%b9%ce%b1-%ce%ba%ce%bf%cf%81%ce%af%cf%84%cf%83%ce%b9-%cf%80%cf%81%ce%ac%cf%83%ce%b9%ce%bd\/"},"modified":"2026-04-30T17:36:30","modified_gmt":"2026-04-30T14:36:30","slug":"marc-jacobs-%cf%80%ce%b1%ce%b9%ce%b4%ce%b9%ce%ba%ce%ae-%ce%bc%cf%80%ce%bb%ce%bf%cf%8d%ce%b6%ce%b1-%ce%b3%ce%b9%ce%b1-%ce%ba%ce%bf%cf%81%ce%af%cf%84%cf%83%ce%b9-%cf%80%cf%81%ce%ac%cf%83%ce%b9%ce%bd","status":"publish","type":"product","link":"https:\/\/coconutkids.gr\/de\/produkt\/marc-jacobs-%cf%80%ce%b1%ce%b9%ce%b4%ce%b9%ce%ba%ce%ae-%ce%bc%cf%80%ce%bb%ce%bf%cf%8d%ce%b6%ce%b1-%ce%b3%ce%b9%ce%b1-%ce%ba%ce%bf%cf%81%ce%af%cf%84%cf%83%ce%b9-%cf%80%cf%81%ce%ac%cf%83%ce%b9%ce%bd\/","title":{"rendered":"Marc Jacobs Kinderbluse f\u00fcr M\u00e4dchen Gr\u00fcn W55000-599"},"content":{"rendered":"<p>100% Baumwolle<\/p>","protected":false},"excerpt":{"rendered":"<p>100% Baumwolle<\/p>","protected":false},"featured_media":80629,"comment_status":"closed","ping_status":"closed","template":"","meta":{"_seopress_robots_primary_cat":"","_seopress_titles_title":"","_seopress_titles_desc":"","_seopress_robots_index":""},"product_brand":[],"product_cat":[1232,1413,316,293,53,55],"product_tag":[1339],"class_list":{"0":"post-98549","1":"product","2":"type-product","3":"status-publish","4":"has-post-thumbnail","6":"product_cat-summer","7":"product_cat-ss23","8":"product_cat-girls","9":"product_cat-girl-premium","10":"product_cat-girl-2-8","11":"product_cat-girl-9-16","12":"product_tag-ss23","13":"pa_brand-marc-jacobs","14":"pa_category-filter-mplouza","15":"pa_color-filter-908","16":"pa_gender-826","17":"pa_megethos-342","18":"pa_megethos-344","19":"pa_megethos-346","20":"pa_megethos-348","21":"pa_season-summer","23":"first","24":"instock","25":"sale","26":"purchasable","27":"product-type-variable"},"_links":{"self":[{"href":"https:\/\/coconutkids.gr\/de\/wp-json\/wp\/v2\/product\/98549","targetHints":{"allow":["GET"]}}],"collection":[{"href":"https:\/\/coconutkids.gr\/de\/wp-json\/wp\/v2\/product"}],"about":[{"href":"https:\/\/coconutkids.gr\/de\/wp-json\/wp\/v2\/types\/product"}],"replies":[{"embeddable":true,"href":"https:\/\/coconutkids.gr\/de\/wp-json\/wp\/v2\/comments?post=98549"}],"version-history":[{"count":0,"href":"https:\/\/coconutkids.gr\/de\/wp-json\/wp\/v2\/product\/98549\/revisions"}],"wp:featuredmedia":[{"embeddable":true,"href":"https:\/\/coconutkids.gr\/de\/wp-json\/wp\/v2\/media\/80629"}],"wp:attachment":[{"href":"https:\/\/coconutkids.gr\/de\/wp-json\/wp\/v2\/media?parent=98549"}],"wp:term":[{"taxonomy":"product_brand","embeddable":true,"href":"https:\/\/coconutkids.gr\/de\/wp-json\/wp\/v2\/product_brand?post=98549"},{"taxonomy":"product_cat","embeddable":true,"href":"https:\/\/coconutkids.gr\/de\/wp-json\/wp\/v2\/product_cat?post=98549"},{"taxonomy":"product_tag","embeddable":true,"href":"https:\/\/coconutkids.gr\/de\/wp-json\/wp\/v2\/product_tag?post=98549"}],"curies":[{"name":"wp","href":"https:\/\/api.w.org\/{rel}","templated":true}]}}